{"id":23034,"date":"2024-12-19T10:51:06","date_gmt":"2024-12-19T18:51:06","guid":{"rendered":"https:\/\/clearseas.org\/faites-un-don-pour-soutenir-les-programmes-indigenes\/"},"modified":"2025-11-12T11:40:39","modified_gmt":"2025-11-12T19:40:39","slug":"don-programmes-autochtones","status":"publish","type":"page","link":"https:\/\/clearseas.org\/fr\/don-programmes-autochtones\/","title":{"rendered":"Faites un don pour soutenir les programmes autochtones"},"content":{"rendered":"<div id=\"cs-hero\"\n\t class=\"page-hero lgpadding break-out alignfull is-layout-constrained has-global-padding \" style=\"background-image:url(\/wp-content\/uploads\/inner-page-hero-bg.jpg);\">\n\t<div class=\"alignwide is-layout-flex\">\n\t\t<div class=\"hero-headings\">\n\t\t\t<h1 class=\"is-style-line-heading\" data-aos=\"fade-up\" data-aos-delay=\"100\">Faites un don pour soutenir les programmes indig\u00e8nes<\/h1>\n\t\t\t\t\t<\/div>\n\t\t\t\t\t\t\t\t\t<div class=\"hero-content offset-in\" data-aos=\"fade-left\" data-aos-delay=\"400\">\n\t\t\t\t\t<p class=\"opener\">Les programmes autochtones de Clear Seas approfondissent les relations avec les peuples et les communaut\u00e9s autochtones par le biais de la recherche et des parcours professionnels afin de promouvoir la participation autochtone \u00e0 l&#8217;industrie maritime et \u00e0 l&#8217;\u00e9conomie bleue au sens large. Les programmes autochtones sont financ\u00e9s par des dons de l&#8217;industrie et des fonds gouvernementaux correspondants.<\/p>\n\t\t\t\t<\/div>\n\t\t\t\t\t\t<\/div>\n<\/div>\n\n<div class=\"research-project-inner-section alignwide wp-block-acf-tu-research-project-inner-section\">\n\t<h2 class=\"h4 inner-section-title\" data-aos=\"fade-left\">Nos programmes autochtones<\/h2>\n\t<div data-aos=\"fade-up\" data-aos-delay=\"250\">\n\t\t\n\n<div class=\"wp-block-columns are-vertically-aligned-top is-layout-flex wp-container-core-columns-is-layout-28f84493 wp-block-columns-is-layout-flex\">\n<div class=\"wp-block-column is-vertically-aligned-top is-layout-flow wp-block-column-is-layout-flow\" style=\"flex-basis:66.66%\">\n<p>Le <a href=\"https:\/\/clearseas.org\/fr\/pdcma\/\">programme d&#8217;avancement des carri\u00e8res maritimes autochtones (IMCAP)<\/a> cr\u00e9e des voies permettant aux peuples autochtones d&#8217;acc\u00e9der \u00e0 des carri\u00e8res dans l&#8217;industrie maritime qui correspondent \u00e0 leurs objectifs et aux besoins de leurs communaut\u00e9s. Ce programme vise \u00e0 aider les candidats des Premi\u00e8res nations, des M\u00e9tis et des Inuits \u00e0 acqu\u00e9rir les comp\u00e9tences sp\u00e9cialis\u00e9es et les certifications n\u00e9cessaires pour exercer des fonctions maritimes sur l&#8217;eau ou sur terre. Ces r\u00f4les vont de l&#8217;exploitation des navires, de la construction et de la r\u00e9paration navales \u00e0 l&#8217;\u00e9cologie marine, au tourisme et aux postes vitaux de gardiens de la communaut\u00e9 qui aident \u00e0 prot\u00e9ger et \u00e0 maintenir les terres et les eaux indig\u00e8nes. Vos contributions permettent d&#8217;offrir des formations et des ressources culturellement pertinentes, garantissant que les candidats sont \u00e9quip\u00e9s pour r\u00e9ussir tout en conservant un lien avec leurs communaut\u00e9s et leurs traditions.   <\/p>\n\n\n\n<p>Le <a href=\"https:\/\/clearseas.org\/fr\/programme-de-stage-destine-aux-etudiantes-et-etudiants-autochtones\/\">programme de stage destin\u00e9 aux \u00e9tudiantes et \u00e9tudiants autochtones<\/a> soutient les personnes professionnelles autochtones qui ont des projets de recherche marine men\u00e9s par la communaut\u00e9. En se concentrant sur les syst\u00e8mes de connaissances et les priorit\u00e9s autochtones, ce programme offre une stabilit\u00e9 financi\u00e8re gr\u00e2ce \u00e0 une allocation mensuelle, tout en offrant des opportunit\u00e9s de mentorat et de r\u00e9seautage guid\u00e9es par l&#8217;\u00e9quipe de Clear Seas. Les co\u00fbts li\u00e9s au projet sont enti\u00e8rement couverts, ce qui permet aux participants de se concentrer sur leur contribution \u00e0 leurs communaut\u00e9s et au secteur maritime dans son ensemble.<\/p>\n<\/div>\n\n\n\n<div class=\"wp-block-column is-vertically-aligned-top is-layout-flow wp-block-column-is-layout-flow\" style=\"flex-basis:33.33%\">\n<figure class=\"wp-block-image aligncenter size-large\"><img data-recalc-dims=\"1\" loading=\"lazy\" decoding=\"async\" width=\"685\" height=\"1024\" src=\"https:\/\/i0.wp.com\/clearseas.org\/wp-content\/uploads\/\/Indigenous-Programs-side1.png?resize=685%2C1024&#038;ssl=1\" alt=\"\" class=\"wp-image-22825\" srcset=\"https:\/\/i0.wp.com\/clearseas.org\/wp-content\/uploads\/Indigenous-Programs-side1.png?resize=685%2C1024&amp;ssl=1 685w, https:\/\/i0.wp.com\/clearseas.org\/wp-content\/uploads\/Indigenous-Programs-side1.png?resize=401%2C600&amp;ssl=1 401w, https:\/\/i0.wp.com\/clearseas.org\/wp-content\/uploads\/Indigenous-Programs-side1.png?resize=768%2C1148&amp;ssl=1 768w, https:\/\/i0.wp.com\/clearseas.org\/wp-content\/uploads\/Indigenous-Programs-side1.png?w=824&amp;ssl=1 824w\" sizes=\"auto, (max-width: 685px) 100vw, 685px\" \/><figcaption class=\"wp-element-caption\">Les projets de recherche des stagiaires ont port\u00e9 sur des sujets allant des courses de canots (en haut) aux jardins de palourdes (en bas). Clear Seas a soutenu 22 stagiaires menant des projets \u00e0 travers le Canada depuis 2021.<\/figcaption><\/figure>\n<\/div>\n<\/div>\n\n\n<div class=\"research-project-inner-section align wp-block-acf-tu-research-project-inner-section\">\n\t<h2 class=\"h4 inner-section-title\" data-aos=\"fade-left\">R\u00e9sultats du programme<\/h2>\n\t<div data-aos=\"fade-up\" data-aos-delay=\"250\">\n\t\t\n\n<div class=\"wp-block-columns are-vertically-aligned-top is-layout-flex wp-container-core-columns-is-layout-28f84493 wp-block-columns-is-layout-flex\">\n<div class=\"wp-block-column is-vertically-aligned-top is-layout-flow wp-block-column-is-layout-flow\" style=\"flex-basis:33.33%\">\n<figure class=\"wp-block-image aligncenter size-large\"><img data-recalc-dims=\"1\" loading=\"lazy\" decoding=\"async\" width=\"687\" height=\"1024\" src=\"https:\/\/i0.wp.com\/clearseas.org\/wp-content\/uploads\/\/Indigenous-Programs-side2.png?resize=687%2C1024&#038;ssl=1\" alt=\"\" class=\"wp-image-22829\" srcset=\"https:\/\/i0.wp.com\/clearseas.org\/wp-content\/uploads\/Indigenous-Programs-side2.png?resize=687%2C1024&amp;ssl=1 687w, https:\/\/i0.wp.com\/clearseas.org\/wp-content\/uploads\/Indigenous-Programs-side2.png?resize=403%2C600&amp;ssl=1 403w, https:\/\/i0.wp.com\/clearseas.org\/wp-content\/uploads\/Indigenous-Programs-side2.png?resize=768%2C1145&amp;ssl=1 768w, https:\/\/i0.wp.com\/clearseas.org\/wp-content\/uploads\/Indigenous-Programs-side2.png?w=826&amp;ssl=1 826w\" sizes=\"auto, (max-width: 687px) 100vw, 687px\" \/><figcaption class=\"wp-element-caption\">Les candidats ont re\u00e7u une formation en r\u00e9paration de navires (en haut) et en s\u00e9curit\u00e9 maritime de base (en bas). Clear Seas a accueilli 29 participants de la Colombie-Britannique et du Canada atlantique dans le programme. <\/figcaption><\/figure>\n<\/div>\n\n\n\n<div class=\"wp-block-column is-vertically-aligned-top is-layout-flow wp-block-column-is-layout-flow\" style=\"flex-basis:66.66%\">\n<p>Votre soutien renforce directement les communaut\u00e9s des Premi\u00e8res nations, des M\u00e9tis et des Inuits en comblant les lacunes critiques en mati\u00e8re d&#8217;emploi, en renfor\u00e7ant les capacit\u00e9s et en favorisant des carri\u00e8res durables dans l&#8217;industrie maritime, tout en faisant progresser la r\u00e9conciliation et les principes de diversit\u00e9, d&#8217;\u00e9quit\u00e9 et d&#8217;inclusion (DEI).<\/p>\n\n\n\n<p>Guid\u00e9s par les connaissances, les valeurs et les voix indig\u00e8nes, nos programmes sont ancr\u00e9s dans le respect et la compr\u00e9hension. Clear Seas collabore avec les communaut\u00e9s autochtones du Canada, en veillant \u00e0 ce que toutes les initiatives de recherche et de formation refl\u00e8tent leurs priorit\u00e9s et soient men\u00e9es dans le respect de la culture et de l&#8217;int\u00e9gration. <\/p>\n\n\n\n<p>Ensemble, nous pouvons cr\u00e9er des opportunit\u00e9s de transformation pour les peuples autochtones afin qu&#8217;ils deviennent des leaders dans le secteur maritime.  <\/p>\n<\/div>\n<\/div>\n\n\n\t<\/div>\n<\/div>\n\n\n\n<h3 class=\"wp-block-heading\">Pour plus d&#8217;informations, veuillez contacter<\/h3>\n\n\n\n<p><strong>Sarah Thomas<\/strong><br>Directrice des programmes autochtones<br>778.713.1444<br><a href=\"mailto:sarah.thomas@clearseas.org\">sarah.thomas@clearseas.org<\/a><\/p>\n\n\n\t<\/div>\n<\/div>\n\n\n<div class=\"research-project-inner-section alignwide wp-block-acf-tu-research-project-inner-section\">\n\t<h2 class=\"h4 inner-section-title\" data-aos=\"fade-left\">Partenaires et soutiens actuels<\/h2>\n\t<div data-aos=\"fade-up\" data-aos-delay=\"250\">\n\t\t\n\n<figure class=\"wp-block-image size-large\"><img data-recalc-dims=\"1\" loading=\"lazy\" decoding=\"async\" width=\"1024\" height=\"353\" src=\"https:\/\/i0.wp.com\/clearseas.org\/wp-content\/uploads\/\/Indigenous-Programs-2024-partners.png?resize=1024%2C353&#038;ssl=1\" alt=\"\" class=\"wp-image-22822\" srcset=\"https:\/\/i0.wp.com\/clearseas.org\/wp-content\/uploads\/Indigenous-Programs-2024-partners.png?resize=1024%2C353&amp;ssl=1 1024w, https:\/\/i0.wp.com\/clearseas.org\/wp-content\/uploads\/Indigenous-Programs-2024-partners.png?resize=600%2C207&amp;ssl=1 600w, https:\/\/i0.wp.com\/clearseas.org\/wp-content\/uploads\/Indigenous-Programs-2024-partners.png?resize=768%2C265&amp;ssl=1 768w, https:\/\/i0.wp.com\/clearseas.org\/wp-content\/uploads\/Indigenous-Programs-2024-partners.png?w=1470&amp;ssl=1 1470w\" sizes=\"auto, (max-width: 1024px) 100vw, 1024px\" \/><\/figure>\n\n\n\t<\/div>\n<\/div>\n","protected":false},"excerpt":{"rendered":"<p>Le programme d&#8217;avancement des carri\u00e8res maritimes autochtones (IMCAP) cr\u00e9e des voies permettant aux peuples autochtones d&#8217;acc\u00e9der \u00e0 des carri\u00e8res dans l&#8217;industrie maritime qui correspondent \u00e0 leurs objectifs et aux besoins de leurs communaut\u00e9s. Ce programme vise \u00e0 aider les candidats des Premi\u00e8res nations, des M\u00e9tis et des Inuits \u00e0 acqu\u00e9rir les comp\u00e9tences sp\u00e9cialis\u00e9es et les&hellip;<\/p>\n","protected":false},"author":14,"featured_media":0,"parent":0,"menu_order":0,"comment_status":"closed","ping_status":"closed","template":"","meta":{"_acf_changed":false,"advanced_seo_description":"","jetpack_seo_html_title":"","jetpack_seo_noindex":false,"footnotes":""},"class_list":["post-23034","page","type-page","status-publish","hentry"],"acf":[],"jetpack_sharing_enabled":true,"_links":{"self":[{"href":"https:\/\/clearseas.org\/fr\/wp-json\/wp\/v2\/pages\/23034","targetHints":{"allow":["GET"]}}],"collection":[{"href":"https:\/\/clearseas.org\/fr\/wp-json\/wp\/v2\/pages"}],"about":[{"href":"https:\/\/clearseas.org\/fr\/wp-json\/wp\/v2\/types\/page"}],"author":[{"embeddable":true,"href":"https:\/\/clearseas.org\/fr\/wp-json\/wp\/v2\/users\/14"}],"replies":[{"embeddable":true,"href":"https:\/\/clearseas.org\/fr\/wp-json\/wp\/v2\/comments?post=23034"}],"version-history":[{"count":4,"href":"https:\/\/clearseas.org\/fr\/wp-json\/wp\/v2\/pages\/23034\/revisions"}],"predecessor-version":[{"id":24984,"href":"https:\/\/clearseas.org\/fr\/wp-json\/wp\/v2\/pages\/23034\/revisions\/24984"}],"wp:attachment":[{"href":"https:\/\/clearseas.org\/fr\/wp-json\/wp\/v2\/media?parent=23034"}],"curies":[{"name":"wp","href":"https:\/\/api.w.org\/{rel}","templated":true}]}}