{"id":20970,"date":"2024-01-10T16:49:25","date_gmt":"2024-01-11T00:49:25","guid":{"rendered":"https:\/\/clearseas.org\/navigation-et-integration-de-la-conservation-des-oceans-nico\/"},"modified":"2025-11-12T13:53:14","modified_gmt":"2025-11-12T21:53:14","slug":"navigation-et-integration-de-la-conservation-des-oceans-nico","status":"publish","type":"page","link":"https:\/\/clearseas.org\/fr\/navigation-et-integration-de-la-conservation-des-oceans-nico\/","title":{"rendered":"Navigation et int\u00e9gration de la conservation des oc\u00e9ans (NICO)"},"content":{"rendered":"<div id=\"cs-hero\"\n\t class=\"page-hero lgpadding break-out alignfull is-layout-constrained has-global-padding \" style=\"background-image:url(\/wp-content\/uploads\/inner-page-hero-bg.jpg);\">\n\t<div class=\"alignwide is-layout-flex\">\n\t\t<div class=\"hero-headings\">\n\t\t\t<h1 class=\"is-style-line-heading\" data-aos=\"fade-up\" data-aos-delay=\"100\">Navigation et int\u00e9gration de la conservation des oc\u00e9ans (NICO)<\/h1>\n\t\t\t\t\t<\/div>\n\t\t\t\t\t<div class=\"hero-content-with-media flex-row\">\n\t\t\t\t<div class=\"flex-col-12 flex-col-lg-4\">\n\t\t\t\t\t<div class=\"hero-media\">\n\t\t\t\t\t\t\t\t\t\t\t\t\t<img decoding=\"async\" width=\"600\" height=\"400\" src=\"https:\/\/i0.wp.com\/clearseas.org\/wp-content\/uploads\/SOC-I-Program-iStock-860736400-scaled.jpg?fit=600%2C400&amp;ssl=1\" class=\"attachment-medium size-medium\" alt=\"\" loading=\"lazy\" data-aos=\"fade-up\" data-aos-delay=\"300\" srcset=\"https:\/\/i0.wp.com\/clearseas.org\/wp-content\/uploads\/SOC-I-Program-iStock-860736400-scaled.jpg?w=2560&amp;ssl=1 2560w, https:\/\/i0.wp.com\/clearseas.org\/wp-content\/uploads\/SOC-I-Program-iStock-860736400-scaled.jpg?resize=600%2C400&amp;ssl=1 600w, https:\/\/i0.wp.com\/clearseas.org\/wp-content\/uploads\/SOC-I-Program-iStock-860736400-scaled.jpg?resize=1024%2C683&amp;ssl=1 1024w, https:\/\/i0.wp.com\/clearseas.org\/wp-content\/uploads\/SOC-I-Program-iStock-860736400-scaled.jpg?resize=768%2C512&amp;ssl=1 768w, https:\/\/i0.wp.com\/clearseas.org\/wp-content\/uploads\/SOC-I-Program-iStock-860736400-scaled.jpg?resize=1536%2C1024&amp;ssl=1 1536w, https:\/\/i0.wp.com\/clearseas.org\/wp-content\/uploads\/SOC-I-Program-iStock-860736400-scaled.jpg?resize=2048%2C1365&amp;ssl=1 2048w, https:\/\/i0.wp.com\/clearseas.org\/wp-content\/uploads\/SOC-I-Program-iStock-860736400-scaled.jpg?w=2400&amp;ssl=1 2400w\" sizes=\"auto, (max-width: 600px) 100vw, 600px\" \/>\t\t\t\t\t\t\t\t\t\t\t<\/div>\n\t\t\t\t<\/div>\n\t\t\t\t<div class=\"flex-col-12 flex-col-lg-8\">\n\t\t\t\t\t\t\t\t\t\t\t<div class=\"hero-content\" data-aos=\"fade-left\" data-aos-delay=\"400\">\n\t\t\t\t\t\t\t<p class=\"opener\">Soutenir les communaut\u00e9s des Premi\u00e8res nations dans l&#8217;exploration de l&#8217;intersection entre la navigation maritime et la conservation des oc\u00e9ans<\/p>\n\t\t\t\t\t\t<\/div>\n\t\t\t\t\t\t\t\t\t<\/div>\n\t\t\t<\/div>\n\t\t\t<\/div>\n<\/div>\n\n<div class=\"research-project-inner-section alignwide wp-block-acf-tu-research-project-inner-section\">\n\t<h2 class=\"h4 inner-section-title\" data-aos=\"fade-left\">Reconnaissance territoriale<\/h2>\n\t<div data-aos=\"fade-up\" data-aos-delay=\"250\">\n\t\t\n\n<p>Le si\u00e8ge social de Clear Seas est situ\u00e9 sur le territoire non c\u00e9d\u00e9 et partag\u00e9 des nations Musqueam, Squamish et Tsleil-Waututh \u00e0 Vancouver, en Colombie-Britannique. Notre travail se d\u00e9roule \u00e0 travers le Canada, sur des territoires et des eaux sous trait\u00e9s et non c\u00e9d\u00e9s des Premiers peuples et des Inuits.<\/p>\n\n\n\t<\/div>\n<\/div>\n\n\n<div class=\"research-project-inner-section alignwide wp-block-acf-tu-research-project-inner-section\">\n\t<h2 class=\"h4 inner-section-title\" data-aos=\"fade-left\">\u00c0 propos du programme<\/h2>\n\t<div data-aos=\"fade-up\" data-aos-delay=\"250\">\n\t\t\n\n<p>Le programme Navigation et int\u00e9gration de la conservation des oc\u00e9ans (NICO) est une nouvelle initiative visant \u00e0 aider les communaut\u00e9s des Premi\u00e8res nations \u00e0 explorer l&#8217;intersection entre la navigation maritime et la conservation des oc\u00e9ans. Ce projet permettra aux Premi\u00e8res nations de faire entendre leur voix tout en cr\u00e9ant un environnement de recherche adapt\u00e9 \u00e0 ces communaut\u00e9s. <\/p>\n\n\n\n<p>Le programme NICO soutiendra le d\u00e9veloppement de relations significatives et fournira aux communaut\u00e9s une formation et un acc\u00e8s au projet de <a href=\"https:\/\/clearseas.org\/fr\/research\/cartographie-du-trafic-maritime-outiller-les-communautes-cotieres-du-canada-pour-une-meilleure-comprehension-du-transport-maritime-et-de-ses-risques\/\" data-type=\"research\" data-id=\"18044\">Cartographie du trafic maritime<\/a> (CTM) de Clear Sea afin de renforcer les capacit\u00e9s pour des projets de recherche qui respectent et honorent la vision du monde et les valeurs autochtones. Dans le cadre de ce travail, nous organiserons des ateliers auxquels participeront les communaut\u00e9s des Premi\u00e8res nations afin de soutenir le d\u00e9veloppement des capacit\u00e9s internes et de parvenir \u00e0 une compr\u00e9hension commune de la situation actuelle.<\/p>\n\n\n\t<\/div>\n<\/div>\n\n\n<div class=\"research-project-inner-section alignwide wp-block-acf-tu-research-project-inner-section\">\n\t<h2 class=\"h4 inner-section-title\" data-aos=\"fade-left\">En savoir plus<\/h2>\n\t<div data-aos=\"fade-up\" data-aos-delay=\"250\">\n\t\t\n\n<p>Contact :<br>Charlene Seward<br>Responsable de programmes autochtones<br><a href=\"mailto:charlene.seward@clearseas.org\">charlene.seward@clearseas.org<\/a><br><a href=\"tel:778.730.2184\">778.730.2184<\/a><\/p>\n\n\n\t<\/div>\n<\/div>\n\n\n\n<p>Le financement de ce programme a \u00e9t\u00e9 fourni par le Programme de contribution \u00e0 la gestion des oc\u00e9ans de P\u00eaches et Oc\u00e9ans Canada<\/p>\n\n\n\n<figure class=\"wp-block-image size-large\"><img data-recalc-dims=\"1\" loading=\"lazy\" decoding=\"async\" width=\"1024\" height=\"163\" src=\"https:\/\/i0.wp.com\/clearseas.org\/wp-content\/uploads\/\/dfo-partnership-wordmarks__funding_horz-black-red_fr.png?resize=1024%2C163&#038;ssl=1\" alt=\"\" class=\"wp-image-21857\" srcset=\"https:\/\/i0.wp.com\/clearseas.org\/wp-content\/uploads\/dfo-partnership-wordmarks__funding_horz-black-red_fr.png?resize=1024%2C163&amp;ssl=1 1024w, https:\/\/i0.wp.com\/clearseas.org\/wp-content\/uploads\/dfo-partnership-wordmarks__funding_horz-black-red_fr.png?resize=600%2C95&amp;ssl=1 600w, https:\/\/i0.wp.com\/clearseas.org\/wp-content\/uploads\/dfo-partnership-wordmarks__funding_horz-black-red_fr.png?resize=768%2C122&amp;ssl=1 768w, https:\/\/i0.wp.com\/clearseas.org\/wp-content\/uploads\/dfo-partnership-wordmarks__funding_horz-black-red_fr.png?resize=1536%2C244&amp;ssl=1 1536w, https:\/\/i0.wp.com\/clearseas.org\/wp-content\/uploads\/dfo-partnership-wordmarks__funding_horz-black-red_fr.png?resize=2048%2C325&amp;ssl=1 2048w, https:\/\/i0.wp.com\/clearseas.org\/wp-content\/uploads\/dfo-partnership-wordmarks__funding_horz-black-red_fr.png?w=2400&amp;ssl=1 2400w\" sizes=\"auto, (max-width: 1024px) 100vw, 1024px\" \/><\/figure>\n","protected":false},"excerpt":{"rendered":"<p>Soutenir les communaut\u00e9s des Premi\u00e8res nations dans l&#8217;exploration de l&#8217;intersection entre la navigation maritime et la conservation des oc\u00e9ans<\/p>\n","protected":false},"author":15,"featured_media":20737,"parent":0,"menu_order":0,"comment_status":"closed","ping_status":"closed","template":"","meta":{"_acf_changed":false,"advanced_seo_description":"","jetpack_seo_html_title":"","jetpack_seo_noindex":false,"footnotes":""},"class_list":["post-20970","page","type-page","status-publish","has-post-thumbnail","hentry"],"acf":[],"jetpack_sharing_enabled":true,"_links":{"self":[{"href":"https:\/\/clearseas.org\/fr\/wp-json\/wp\/v2\/pages\/20970","targetHints":{"allow":["GET"]}}],"collection":[{"href":"https:\/\/clearseas.org\/fr\/wp-json\/wp\/v2\/pages"}],"about":[{"href":"https:\/\/clearseas.org\/fr\/wp-json\/wp\/v2\/types\/page"}],"author":[{"embeddable":true,"href":"https:\/\/clearseas.org\/fr\/wp-json\/wp\/v2\/users\/15"}],"replies":[{"embeddable":true,"href":"https:\/\/clearseas.org\/fr\/wp-json\/wp\/v2\/comments?post=20970"}],"version-history":[{"count":11,"href":"https:\/\/clearseas.org\/fr\/wp-json\/wp\/v2\/pages\/20970\/revisions"}],"predecessor-version":[{"id":25028,"href":"https:\/\/clearseas.org\/fr\/wp-json\/wp\/v2\/pages\/20970\/revisions\/25028"}],"wp:featuredmedia":[{"embeddable":true,"href":"https:\/\/clearseas.org\/fr\/wp-json\/wp\/v2\/media\/20737"}],"wp:attachment":[{"href":"https:\/\/clearseas.org\/fr\/wp-json\/wp\/v2\/media?parent=20970"}],"curies":[{"name":"wp","href":"https:\/\/api.w.org\/{rel}","templated":true}]}}