{"id":20140,"date":"2023-08-16T13:48:25","date_gmt":"2023-08-16T20:48:25","guid":{"rendered":"https:\/\/clearseas.org\/perspectives-indigenes\/"},"modified":"2025-11-12T13:32:23","modified_gmt":"2025-11-12T21:32:23","slug":"perspectives-autochtones","status":"publish","type":"page","link":"https:\/\/clearseas.org\/fr\/perspectives-autochtones\/","title":{"rendered":"Perspectives autochtones"},"content":{"rendered":"<div id=\"cs-hero\"\n\t class=\"page-hero lgpadding break-out alignfull is-layout-constrained has-global-padding \" style=\"background-image:url(\/wp-content\/uploads\/inner-page-hero-bg.jpg);\">\n\t<div class=\"alignwide is-layout-flex\">\n\t\t<div class=\"hero-headings\">\n\t\t\t<h1 class=\"is-style-line-heading\" data-aos=\"fade-up\" data-aos-delay=\"100\">Respecter les perspectives autochtones<\/h1>\n\t\t\t\t\t<\/div>\n\t\t\t\t\t<div class=\"hero-content-with-media flex-row\">\n\t\t\t\t<div class=\"flex-col-12 flex-col-lg-4\">\n\t\t\t\t\t<div class=\"hero-media\">\n\t\t\t\t\t\t\t\t\t\t\t\t\t<img decoding=\"async\" width=\"600\" height=\"400\" src=\"https:\/\/i0.wp.com\/clearseas.org\/wp-content\/uploads\/VPZ-Blog-Banner-Large.jpeg?fit=600%2C400&amp;ssl=1\" class=\"attachment-medium size-medium\" alt=\"\" loading=\"lazy\" data-aos=\"fade-up\" data-aos-delay=\"300\" srcset=\"https:\/\/i0.wp.com\/clearseas.org\/wp-content\/uploads\/VPZ-Blog-Banner-Large.jpeg?w=1280&amp;ssl=1 1280w, https:\/\/i0.wp.com\/clearseas.org\/wp-content\/uploads\/VPZ-Blog-Banner-Large.jpeg?resize=600%2C400&amp;ssl=1 600w, https:\/\/i0.wp.com\/clearseas.org\/wp-content\/uploads\/VPZ-Blog-Banner-Large.jpeg?resize=1024%2C682&amp;ssl=1 1024w, https:\/\/i0.wp.com\/clearseas.org\/wp-content\/uploads\/VPZ-Blog-Banner-Large.jpeg?resize=768%2C512&amp;ssl=1 768w\" sizes=\"auto, (max-width: 600px) 100vw, 600px\" \/>\t\t\t\t\t\t\t\t\t\t\t<\/div>\n\t\t\t\t<\/div>\n\t\t\t\t<div class=\"flex-col-12 flex-col-lg-8\">\n\t\t\t\t\t\t\t\t\t\t\t<div class=\"hero-content\" data-aos=\"fade-left\" data-aos-delay=\"400\">\n\t\t\t\t\t\t\t<p class=\"opener\">Clear Seas reconna\u00eet la place unique qu&#8217;occupent les peuples autochtones &#8211; y compris les Premi\u00e8res nations, les Inuits et les M\u00e9tis &#8211; au Canada, ce qui leur conf\u00e8re des droits, prot\u00e9g\u00e9s par l&#8217;article 35 de la Constitution canadienne et reconnus dans la D\u00e9claration des Nations unies sur les droits des peuples autochtones. Il peut s&#8217;agir de titres ou de droits et de la gestion associ\u00e9e de leurs territoires, y compris les zones marines.<\/p>\n\t\t\t\t\t\t<\/div>\n\t\t\t\t\t\t\t\t\t<\/div>\n\t\t\t<\/div>\n\t\t\t<\/div>\n<\/div>\n\n<div class=\"research-project-inner-section alignwide wp-block-acf-tu-research-project-inner-section\">\n\t<h2 class=\"h4 inner-section-title\" data-aos=\"fade-left\">Collaborer avec les communaut\u00e9s<\/h2>\n\t<div data-aos=\"fade-up\" data-aos-delay=\"250\">\n\t\t\n\n<p>Nous nous effor\u00e7ons d&#8217;impliquer activement les communaut\u00e9s autochtones dans notre travail en faveur d&#8217;un secteur maritime durable, s\u00fbr, dynamique et inclusif pour les g\u00e9n\u00e9rations actuelles et futures. Nous cherchons \u00e0 rassembler toutes les voix pour des conversations inform\u00e9es et respectueuses sur les questions de transport maritime.<\/p>\n\n\n\n<p>Notre organisation cherche \u00e0 :<\/p>\n\n\n\n<ul class=\"wp-block-list\">\n<li>Sensibiliser les communaut\u00e9s autochtones aux priorit\u00e9s et aux activit\u00e9s de Clear Seas<\/li>\n\n\n\n<li>D\u00e9couvrir le point de vue des communaut\u00e9s autochtones sur les questions de transport maritime<\/li>\n\n\n\n<li>Identifier les domaines dans lesquels Clear Seas peut contribuer \u00e0 r\u00e9soudre les probl\u00e8mes li\u00e9s \u00e0 la navigation maritime en utilisant sa capacit\u00e9 de recherche, sa communication et son pouvoir de rassemblement.<\/li>\n\n\n\n<li>Impliquer de mani\u00e8re appropri\u00e9e les savoirs traditionnels* dans la recherche de Clear Seas <\/li>\n\n\n\n<li>Collaborer avec les communaut\u00e9s autochtones pour diriger des activit\u00e9s de recherche ou y participer, et offrir des possibilit\u00e9s d&#8217;emploi et d&#8217;affaires. <\/li>\n\n\n\n<li>\u00c9tablir des relations respectueuses entre Clear Seas et les communaut\u00e9s autochtones <\/li>\n<\/ul>\n\n\n\n<p class=\"has-small-font-size\"><em>*Le savoir traditionnel est un syst\u00e8me de connaissances ou un mode de savoir propre aux populations autochtones. Elle provient de leur h\u00e9ritage culturel, de leurs modes de vie traditionnels et de la relation \u00e9troite qu&#8217;ils entretiennent avec l&#8217;environnement naturel. Les connaissances traditionnelles comprennent une compr\u00e9hension approfondie des pratiques traditionnelles de subsistance et d&#8217;exploitation des ressources, ainsi qu&#8217;une connaissance approfondie des zones c\u00f4ti\u00e8res sensibles sur le plan environnemental et culturel.<\/em><\/p>\n\n\n\t<\/div>\n<\/div>\n\n\n<div class=\"research-project-inner-section alignwide wp-block-acf-tu-research-project-inner-section\">\n\t<h2 class=\"h4 inner-section-title\" data-aos=\"fade-left\">\u00c9tablir des relations solides<\/h2>\n\t<div data-aos=\"fade-up\" data-aos-delay=\"250\">\n\t\t\n\n<p>Avec la mise en place du <a href=\"https:\/\/clearseas.org\/fr\/programme-de-stage-destine-aux-etudiantes-et-etudiants-autochtones\/\">programme de stages pour<\/a> les autochtones, Clear Seas renforce ses liens avec les communaut\u00e9s et les jeunes autochtones en soutenant des projets de recherche qui les concernent. Nous nous engageons \u00e0 partager les connaissances \u00e0 grande \u00e9chelle afin de prendre de meilleures d\u00e9cisions. <\/p>\n\n\n\n<p>Clear Seas a clairement d\u00e9fini notre r\u00f4le d&#8217;alli\u00e9 en :<\/p>\n\n\n\n<ul class=\"wp-block-list\">\n<li>Fournir du financement en partenariat avec Mitacs<\/li>\n\n\n\n<li>Fournir du mentorat et du soutien<\/li>\n\n\n\n<li>\u00c9tablir des liens avec le milieu universitaire et l&#8217;industrie<\/li>\n\n\n\n<li>Identifier les possibilit\u00e9s de formation avec les institutions acad\u00e9miques<\/li>\n\n\n\n<li>Aider les jeunes \u00e0 acqu\u00e9rir les comp\u00e9tences sp\u00e9cifiques n\u00e9cessaires pour mener \u00e0 bien leurs recherches et atteindre leurs objectifs \u00e9ducatifs plus larges<\/li>\n<\/ul>\n\n\n\n<p>La cr\u00e9ation d&#8217;un secteur maritime plus inclusif et diversifi\u00e9 est une autre priorit\u00e9 des programmes autochtones de Clear Seas. Les populations autochtones, qui vivent sur les c\u00f4tes du Canada, sont des chefs de file en mati\u00e8re de gestion de l&#8217;environnement marin et souhaitent participer de mani\u00e8re significative \u00e0 l&#8217;industrie maritime. La p\u00e9nurie de main-d&#8217;\u0153uvre se fait sentir dans l&#8217;ensemble du secteur. Le programme &#8220;Indigenous Marine Career Advancement Pathways&#8221; (IMCAP) de Clear Seas vise \u00e0 aider les employeurs \u00e0 cr\u00e9er un lieu de travail inclusif afin d&#8217;attirer et de retenir les autochtones et de leur fournir une formation et un soutien pour qu&#8217;ils puissent r\u00e9ussir leur transition vers une nouvelle carri\u00e8re.<\/p>\n\n\n\t<\/div>\n<\/div>\n\n\n<div class=\"research-project-inner-section alignwide wp-block-acf-tu-research-project-inner-section\">\n\t<h2 class=\"h4 inner-section-title\" data-aos=\"fade-left\">S&#8217;engager \u00e0 comprendre<\/h2>\n\t<div data-aos=\"fade-up\" data-aos-delay=\"250\">\n\t\t\n\n<p>Notre engagement \u00e0 soutenir la recherche men\u00e9e par les autochtones a permis \u00e0 Clear Seas de mieux comprendre les priorit\u00e9s et les lacunes des autochtones en mati\u00e8re de recherche, ce qui a contribu\u00e9 \u00e0 l&#8217;\u00e9laboration de notre propre programme de recherche. Il identifie \u00e9galement les domaines d&#8217;opportunit\u00e9s pour les universitaires et autres personnes cherchant \u00e0 s&#8217;engager avec les Premi\u00e8res nations et les Inuits sur les questions de transport maritime.<\/p>\n\n\n\n<p>Notre programme <a href=\"https:\/\/clearseas.org\/fr\/navigation-et-integration-de-la-conservation-des-oceans-nico\/\" data-type=\"link\" data-id=\"https:\/\/clearseas.org\/soc-i-shipping-and-ocean-conservation-integration-program\/\">Navigation et int\u00e9gration de la conservation des oc\u00e9ans (NICO)<\/a> permet d&#8217;approfondir ces liens en engageant des conversations sur les questions de conservation des oc\u00e9ans qui importent aux communaut\u00e9s, en s&#8217;appuyant sur les donn\u00e9es relatives au transport maritime.<\/p>\n\n\n\n<figure class=\"wp-block-image size-large is-resized\"><img data-recalc-dims=\"1\" loading=\"lazy\" decoding=\"async\" width=\"1024\" height=\"683\" src=\"https:\/\/i0.wp.com\/clearseas.org\/wp-content\/uploads\/\/SRKW-Blog-2022-banner.jpg?resize=1024%2C683&#038;ssl=1\" alt=\"\" class=\"wp-image-20894\" style=\"width:543px;height:auto\" srcset=\"https:\/\/i0.wp.com\/clearseas.org\/wp-content\/uploads\/SRKW-Blog-2022-banner-scaled.jpg?resize=1024%2C683&amp;ssl=1 1024w, https:\/\/i0.wp.com\/clearseas.org\/wp-content\/uploads\/SRKW-Blog-2022-banner-scaled.jpg?resize=600%2C400&amp;ssl=1 600w, https:\/\/i0.wp.com\/clearseas.org\/wp-content\/uploads\/SRKW-Blog-2022-banner-scaled.jpg?resize=768%2C512&amp;ssl=1 768w, https:\/\/i0.wp.com\/clearseas.org\/wp-content\/uploads\/SRKW-Blog-2022-banner-scaled.jpg?resize=1536%2C1024&amp;ssl=1 1536w, https:\/\/i0.wp.com\/clearseas.org\/wp-content\/uploads\/SRKW-Blog-2022-banner-scaled.jpg?resize=2048%2C1366&amp;ssl=1 2048w, https:\/\/i0.wp.com\/clearseas.org\/wp-content\/uploads\/SRKW-Blog-2022-banner-scaled.jpg?w=2400&amp;ssl=1 2400w\" sizes=\"auto, (max-width: 1024px) 100vw, 1024px\" \/><\/figure>\n\n\n<div class=\"research-project-inner-section alignwide wp-block-acf-tu-research-project-inner-section\">\n\t<h2 class=\"h4 inner-section-title\" data-aos=\"fade-left\">Nous apprenons continuellement<\/h2>\n\t<div data-aos=\"fade-up\" data-aos-delay=\"250\">\n\t\t\n\n<p>Clear Seas continuera \u00e0 travailler pour d\u00e9coloniser le langage, \u00e0 utiliser des termes appropri\u00e9s et inclusifs dans nos communications verbales et \u00e9crites, formelles et informelles, et \u00e0 pr\u00e9senter les cultures indig\u00e8nes d&#8217;une mani\u00e8re r\u00e9aliste et perspicace qui refl\u00e8te le point de vue des peuples autochtones.<\/p>\n\n\n\t<\/div>\n<\/div>\n\n\n\t<\/div>\n<\/div>\n\n\n\n<div class=\"info-tiles alignwide aos-animate data-aos_fade-up lgmargin wp-block-acf-tu-info-tiles\">\n\n\t\t\n\t\t<div class=\"info-tiles-row flex-row\">\n\t\t\t\t\t\t\t\t\t\t\t<div class=\"flex-col-12 flex-col-sm-6 flex-col-lg-4  \">\n\t\t\t\t\t<div class=\"info-tile\">\n\t\t\t\t\t\t\t\t\t\t\t\t\t\t\t\t\t<a href=\"https:\/\/clearseas.org\/fr\/programme-de-stage-destine-aux-etudiantes-et-etudiants-autochtones\/\" class=\"info-link\" title=\"Programme de stage destin\u00e9 aux \u00e9tudiantes et \u00e9tudiants autochtones\"\n\t\t\t\t\t\t   target=\"_self\">\n\t\t\t\t\t\t\t\t\t\t\t\t\t\t\t\t\t\t\t\t\t\t<div class=\"info-tile-image\">\n\t\t\t\t\t\t\t\t\t<img loading=\"lazy\" decoding=\"async\" width=\"600\" height=\"397\" src=\"https:\/\/i0.wp.com\/clearseas.org\/wp-content\/uploads\/beach-indigenous-internship-program.jpeg?fit=600%2C397&amp;ssl=1\" class=\"landscape\" alt=\"\" srcset=\"https:\/\/i0.wp.com\/clearseas.org\/wp-content\/uploads\/beach-indigenous-internship-program.jpeg?w=1430&amp;ssl=1 1430w, https:\/\/i0.wp.com\/clearseas.org\/wp-content\/uploads\/beach-indigenous-internship-program.jpeg?resize=600%2C397&amp;ssl=1 600w, https:\/\/i0.wp.com\/clearseas.org\/wp-content\/uploads\/beach-indigenous-internship-program.jpeg?resize=1024%2C678&amp;ssl=1 1024w, https:\/\/i0.wp.com\/clearseas.org\/wp-content\/uploads\/beach-indigenous-internship-program.jpeg?resize=768%2C509&amp;ssl=1 768w\" sizes=\"auto, (max-width: 600px) 100vw, 600px\" \/>\t\t\t\t\t\t\t\t<\/div>\n\t\t\t\t\t\t\t\t\t\t\t\t\t\t\t\t\t\t\t\t\t\t<div class=\"info-tile-info\">\n\t\t\t\t\t\t\t\t\t<p><a href=\"https:\/\/clearseas.org\/fr\/programme-de-stage-destine-aux-etudiantes-et-etudiants-autochtones\/\"><strong>Stages<\/strong><\/a><\/p>\n\t\t\t\t\t\t\t\t<\/div>\n\t\t\t\t\t\t\t\t\t\t\t\t\t\t\t\t\t\t\t\t<\/a>\n\t\t\t\t\t\t\t\t\t\t<\/div>\n\t\t\t\t<\/div>\n\t\t\t\t\t\t\t\t\t\t\t<div class=\"flex-col-12 flex-col-sm-6 flex-col-lg-4  \">\n\t\t\t\t\t<div class=\"info-tile\">\n\t\t\t\t\t\t\t\t\t\t\t\t\t\t\t\t\t<a href=\"https:\/\/clearseas.org\/fr\/programme-transition-de-carriere-pour-les-autochtones\/\" class=\"info-link\" title=\"Programme de d\u00e9veloppement de carri\u00e8re maritime pour les autochtones\"\n\t\t\t\t\t\t   target=\"_self\">\n\t\t\t\t\t\t\t\t\t\t\t\t\t\t\t\t\t\t\t\t\t\t<div class=\"info-tile-image\">\n\t\t\t\t\t\t\t\t\t<img loading=\"lazy\" decoding=\"async\" width=\"600\" height=\"386\" src=\"https:\/\/i0.wp.com\/clearseas.org\/wp-content\/uploads\/Indigenous-career-pivot-banner-1-1-1.jpeg?fit=600%2C386&amp;ssl=1\" class=\"landscape\" alt=\"\" srcset=\"https:\/\/i0.wp.com\/clearseas.org\/wp-content\/uploads\/Indigenous-career-pivot-banner-1-1-1.jpeg?w=980&amp;ssl=1 980w, https:\/\/i0.wp.com\/clearseas.org\/wp-content\/uploads\/Indigenous-career-pivot-banner-1-1-1.jpeg?resize=600%2C386&amp;ssl=1 600w, https:\/\/i0.wp.com\/clearseas.org\/wp-content\/uploads\/Indigenous-career-pivot-banner-1-1-1.jpeg?resize=768%2C494&amp;ssl=1 768w\" sizes=\"auto, (max-width: 600px) 100vw, 600px\" \/>\t\t\t\t\t\t\t\t<\/div>\n\t\t\t\t\t\t\t\t\t\t\t\t\t\t\t\t\t\t\t\t\t\t<div class=\"info-tile-info\">\n\t\t\t\t\t\t\t\t\t<p><a href=\"https:\/\/clearseas.org\/fr\/programme-transition-de-carriere-pour-les-autochtones\/\"><strong>R\u00e9orientation professionnelle<\/strong><\/a><\/p>\n\t\t\t\t\t\t\t\t<\/div>\n\t\t\t\t\t\t\t\t\t\t\t\t\t\t\t\t\t\t\t\t<\/a>\n\t\t\t\t\t\t\t\t\t\t<\/div>\n\t\t\t\t<\/div>\n\t\t\t\t\t\t\t\t\t\t\t<div class=\"flex-col-12 flex-col-sm-6 flex-col-lg-4  \">\n\t\t\t\t\t<div class=\"info-tile\">\n\t\t\t\t\t\t\t\t\t\t\t\t\t\t\t\t\t<a href=\"https:\/\/clearseas.org\/soc-i-shipping-and-ocean-conservation-integration-program\/\" class=\"info-link\" title=\"Navigation et int\u00e9gration de la conservation des oc\u00e9ans (NICO)\"\n\t\t\t\t\t\t   target=\"_self\">\n\t\t\t\t\t\t\t\t\t\t\t\t\t\t\t\t\t\t\t\t\t\t<div class=\"info-tile-image\">\n\t\t\t\t\t\t\t\t\t<img loading=\"lazy\" decoding=\"async\" width=\"600\" height=\"400\" src=\"https:\/\/i0.wp.com\/clearseas.org\/wp-content\/uploads\/SOC-I-Program-iStock-860736400-scaled.jpg?fit=600%2C400&amp;ssl=1\" class=\"landscape\" alt=\"\" srcset=\"https:\/\/i0.wp.com\/clearseas.org\/wp-content\/uploads\/SOC-I-Program-iStock-860736400-scaled.jpg?w=2560&amp;ssl=1 2560w, https:\/\/i0.wp.com\/clearseas.org\/wp-content\/uploads\/SOC-I-Program-iStock-860736400-scaled.jpg?resize=600%2C400&amp;ssl=1 600w, https:\/\/i0.wp.com\/clearseas.org\/wp-content\/uploads\/SOC-I-Program-iStock-860736400-scaled.jpg?resize=1024%2C683&amp;ssl=1 1024w, https:\/\/i0.wp.com\/clearseas.org\/wp-content\/uploads\/SOC-I-Program-iStock-860736400-scaled.jpg?resize=768%2C512&amp;ssl=1 768w, https:\/\/i0.wp.com\/clearseas.org\/wp-content\/uploads\/SOC-I-Program-iStock-860736400-scaled.jpg?resize=1536%2C1024&amp;ssl=1 1536w, https:\/\/i0.wp.com\/clearseas.org\/wp-content\/uploads\/SOC-I-Program-iStock-860736400-scaled.jpg?resize=2048%2C1365&amp;ssl=1 2048w, https:\/\/i0.wp.com\/clearseas.org\/wp-content\/uploads\/SOC-I-Program-iStock-860736400-scaled.jpg?w=2400&amp;ssl=1 2400w\" sizes=\"auto, (max-width: 600px) 100vw, 600px\" \/>\t\t\t\t\t\t\t\t<\/div>\n\t\t\t\t\t\t\t\t\t\t\t\t\t\t\t\t\t\t\t\t\t\t<div class=\"info-tile-info\">\n\t\t\t\t\t\t\t\t\t<p><strong><a href=\"https:\/\/clearseas.org\/fr\/navigation-et-integration-de-la-conservation-des-oceans-nico\/\">Navigation et int\u00e9gration de la conservation des oc\u00e9ans<\/a><\/strong><\/p>\n\t\t\t\t\t\t\t\t<\/div>\n\t\t\t\t\t\t\t\t\t\t\t\t\t\t\t\t\t\t\t\t<\/a>\n\t\t\t\t\t\t\t\t\t\t<\/div>\n\t\t\t\t<\/div>\n\t\t\t\t\t<\/div>\n\t<\/div>\n\n\n\n","protected":false},"excerpt":{"rendered":"<p>Nous nous effor\u00e7ons d&#8217;impliquer activement les communaut\u00e9s autochtones dans notre travail en faveur d&#8217;un secteur maritime durable, s\u00fbr, dynamique et inclusif pour les g\u00e9n\u00e9rations actuelles et futures. Nous cherchons \u00e0 rassembler toutes les voix pour des conversations inform\u00e9es et respectueuses sur les questions de transport maritime. Notre organisation cherche \u00e0 : Sensibiliser les communaut\u00e9s autochtones&hellip;<\/p>\n","protected":false},"author":12,"featured_media":0,"parent":0,"menu_order":0,"comment_status":"closed","ping_status":"closed","template":"","meta":{"_acf_changed":false,"advanced_seo_description":"","jetpack_seo_html_title":"","jetpack_seo_noindex":false,"footnotes":""},"class_list":["post-20140","page","type-page","status-publish","hentry"],"acf":[],"jetpack_sharing_enabled":true,"_links":{"self":[{"href":"https:\/\/clearseas.org\/fr\/wp-json\/wp\/v2\/pages\/20140","targetHints":{"allow":["GET"]}}],"collection":[{"href":"https:\/\/clearseas.org\/fr\/wp-json\/wp\/v2\/pages"}],"about":[{"href":"https:\/\/clearseas.org\/fr\/wp-json\/wp\/v2\/types\/page"}],"author":[{"embeddable":true,"href":"https:\/\/clearseas.org\/fr\/wp-json\/wp\/v2\/users\/12"}],"replies":[{"embeddable":true,"href":"https:\/\/clearseas.org\/fr\/wp-json\/wp\/v2\/comments?post=20140"}],"version-history":[{"count":15,"href":"https:\/\/clearseas.org\/fr\/wp-json\/wp\/v2\/pages\/20140\/revisions"}],"predecessor-version":[{"id":25011,"href":"https:\/\/clearseas.org\/fr\/wp-json\/wp\/v2\/pages\/20140\/revisions\/25011"}],"wp:attachment":[{"href":"https:\/\/clearseas.org\/fr\/wp-json\/wp\/v2\/media?parent=20140"}],"curies":[{"name":"wp","href":"https:\/\/api.w.org\/{rel}","templated":true}]}}