{"id":20136,"date":"2023-08-10T16:44:46","date_gmt":"2023-08-10T23:44:46","guid":{"rendered":"https:\/\/clearseas.org\/processus-de-recherche\/"},"modified":"2025-11-12T08:40:09","modified_gmt":"2025-11-12T16:40:09","slug":"processus-de-recherche","status":"publish","type":"page","link":"https:\/\/clearseas.org\/fr\/processus-de-recherche\/","title":{"rendered":"Notre approche"},"content":{"rendered":"<div id=\"cs-hero\"\n\t class=\"page-hero lgpadding break-out alignfull is-layout-constrained has-global-padding \" style=\"background-image:url(\/wp-content\/uploads\/inner-page-hero-bg.jpg);\">\n\t<div class=\"alignwide is-layout-flex\">\n\t\t<div class=\"hero-headings\">\n\t\t\t<h1 class=\"is-style-line-heading\" data-aos=\"fade-up\" data-aos-delay=\"100\">Notre approche<\/h1>\n\t\t\t\t\t<\/div>\n\t\t\t\t\t<div class=\"hero-content-with-media flex-row\">\n\t\t\t\t<div class=\"flex-col-12 flex-col-lg-4\">\n\t\t\t\t\t<div class=\"hero-media\">\n\t\t\t\t\t\t\t\t\t\t\t\t\t<img decoding=\"async\" width=\"600\" height=\"400\" src=\"https:\/\/i0.wp.com\/clearseas.org\/wp-content\/uploads\/Clearseas-placeholder-image.jpg?fit=600%2C400&amp;ssl=1\" class=\"attachment-medium size-medium\" alt=\"Orcas swimming in the blue ocean with snowy mountains and bare foothills in the background.\" loading=\"lazy\" data-aos=\"fade-up\" data-aos-delay=\"300\" srcset=\"https:\/\/i0.wp.com\/clearseas.org\/wp-content\/uploads\/Clearseas-placeholder-image.jpg?w=1900&amp;ssl=1 1900w, https:\/\/i0.wp.com\/clearseas.org\/wp-content\/uploads\/Clearseas-placeholder-image.jpg?resize=600%2C400&amp;ssl=1 600w, https:\/\/i0.wp.com\/clearseas.org\/wp-content\/uploads\/Clearseas-placeholder-image.jpg?resize=1024%2C683&amp;ssl=1 1024w, https:\/\/i0.wp.com\/clearseas.org\/wp-content\/uploads\/Clearseas-placeholder-image.jpg?resize=768%2C512&amp;ssl=1 768w, https:\/\/i0.wp.com\/clearseas.org\/wp-content\/uploads\/Clearseas-placeholder-image.jpg?resize=1536%2C1024&amp;ssl=1 1536w\" sizes=\"auto, (max-width: 600px) 100vw, 600px\" \/>\t\t\t\t\t\t\t\t\t\t\t<\/div>\n\t\t\t\t<\/div>\n\t\t\t\t<div class=\"flex-col-12 flex-col-lg-8\">\n\t\t\t\t\t\t\t\t\t\t\t<div class=\"hero-content\" data-aos=\"fade-left\" data-aos-delay=\"400\">\n\t\t\t\t\t\t\t<p class=\"opener\">Le programme de recherche de Clear Seas a \u00e9volu\u00e9 pour devenir plus diversifi\u00e9 en termes de couverture g\u00e9ographique, de sujets et de participation. D\u00e9couvrez comment nous choisissons les sujets, qui participe \u00e0 nos recherches et comment elles sont men\u00e9es.<\/p>\n\t\t\t\t\t\t<\/div>\n\t\t\t\t\t\t\t\t\t<\/div>\n\t\t\t<\/div>\n\t\t\t<\/div>\n<\/div>\n\n\n<div class=\"wp-block-group alignwide smpadding is-layout-flow wp-block-group-is-layout-flow\" style=\"padding-top:var(--wp--preset--spacing--large);padding-bottom:var(--wp--preset--spacing--large)\"><div class=\"research-project-inner-section align wp-block-acf-tu-research-project-inner-section\">\n\t<h2 class=\"h4 inner-section-title\" data-aos=\"fade-left\">Th\u00e8mes de recherche  <\/h2>\n\t<div data-aos=\"fade-up\" data-aos-delay=\"250\">\n\t\t\n\n<p>Les th\u00e8mes de recherche sont tir\u00e9s de discussions avec :<\/p>\n\n\n\n<ul class=\"wp-block-list\">\n<li>Communaut\u00e9s autochtones  <\/li>\n\n\n\n<li>L&#8217;industrie  <\/li>\n\n\n\n<li>Gouvernement  <\/li>\n\n\n\n<li>Universitaires  <\/li>\n\n\n\n<li>Sources d&#8217;informations nationales et internationales  <\/li>\n\n\n\n<li>R\u00e9seaux de membres du comit\u00e9 consultatif de la recherche et du conseil d&#8217;administration<strong><br><\/strong><\/li>\n<\/ul>\n\n\n\n<p>Les sujets sont class\u00e9s en fonction de leur priorit\u00e9, de leur pertinence et de leur caract\u00e8re unique. Ils sont ensuite examin\u00e9s et discut\u00e9s par le comit\u00e9 consultatif de la recherche avant d&#8217;\u00eatre soumis \u00e0 l&#8217;approbation du conseil d&#8217;administration.<\/p>\n\n\n\n<p>Certains de ces sujets de recherche sont trait\u00e9s en interne par l&#8217;\u00e9quipe de recherche de Clear Seas, tandis que d&#8217;autres n\u00e9cessitent une expertise externe ou la mise en place d&#8217;une approche de partenariat multidisciplinaire avec des institutions universitaires et autres.<\/p>\n\n\n\t<\/div>\n<\/div>\n\n\n<div class=\"research-project-inner-section align wp-block-acf-tu-research-project-inner-section\">\n\t<h2 class=\"h4 inner-section-title\" data-aos=\"fade-left\"> Comit\u00e9 Consultatif de Recherche <\/h2>\n\t<div data-aos=\"fade-up\" data-aos-delay=\"250\">\n\t\t\n\n<p>Notre comit\u00e9 consultatif de recherche est compos\u00e9 de personnes issues de diff\u00e9rentes r\u00e9gions d&#8217;Am\u00e9rique du Nord, dont des autochtones, des universitaires et des repr\u00e9sentants de l&#8217;industrie maritime. En s&#8217;appuyant sur leurs exp\u00e9riences et perspectives uniques, les membres du CCR fournissent des conseils strat\u00e9giques pour aider Clear Seas \u00e0 obtenir un portefeuille de recherche efficace pour une meilleure information sur les questions cl\u00e9s du transport maritime.<br><br>Les membres du CCR proposent des id\u00e9es et des commentaires sur :  <\/p>\n\n\n\n<ul class=\"wp-block-list\">\n<li>Hi\u00e9rarchisation des th\u00e8mes de recherche pour initier les prochaines \u00e9tapes  <\/li>\n\n\n\n<li>Th\u00e8mes pass\u00e9s approuv\u00e9s par le Conseil d&#8217;administration pour leur pertinence continue<\/li>\n\n\n\n<li>Objectifs, m\u00e9thodes et port\u00e9e de la recherche pour soutenir le d\u00e9veloppement du projet<\/li>\n\n\n\n<li>Examens par les pairs et conseils pour les projets en cours<\/li>\n\n\n\n<li>Contribution aux analyses pr\u00e9liminaires et examen des rapports de recherche par des experts en la mati\u00e8re<\/li>\n\n\n\n<li>Identifier des membres suppl\u00e9mentaires pour assurer la continuit\u00e9 et l&#8217;inclusion de perspectives diverses<\/li>\n<\/ul>\n\n\n\n\n    <a class=\"link has-blue-color \" href=\"https:\/\/clearseas.org\/our-people#research-advisory-committee\" target=\"_self\">Meet Our Research Advisory Committee<\/a>\n\n\n\t<\/div>\n<\/div>\n<\/div>\n","protected":false},"excerpt":{"rendered":"<p>Les th\u00e8mes de recherche sont tir\u00e9s de discussions avec : Communaut\u00e9s autochtones L&#8217;industrie Gouvernement Universitaires Sources d&#8217;informations nationales et internationales R\u00e9seaux de membres du comit\u00e9 consultatif de la recherche et du conseil d&#8217;administration Les sujets sont class\u00e9s en fonction de leur priorit\u00e9, de leur pertinence et de leur caract\u00e8re unique. Ils sont ensuite examin\u00e9s et&hellip;<\/p>\n","protected":false},"author":12,"featured_media":0,"parent":0,"menu_order":0,"comment_status":"closed","ping_status":"closed","template":"","meta":{"_acf_changed":false,"advanced_seo_description":"","jetpack_seo_html_title":"","jetpack_seo_noindex":false,"footnotes":""},"class_list":["post-20136","page","type-page","status-publish","hentry"],"acf":[],"jetpack_sharing_enabled":true,"_links":{"self":[{"href":"https:\/\/clearseas.org\/fr\/wp-json\/wp\/v2\/pages\/20136","targetHints":{"allow":["GET"]}}],"collection":[{"href":"https:\/\/clearseas.org\/fr\/wp-json\/wp\/v2\/pages"}],"about":[{"href":"https:\/\/clearseas.org\/fr\/wp-json\/wp\/v2\/types\/page"}],"author":[{"embeddable":true,"href":"https:\/\/clearseas.org\/fr\/wp-json\/wp\/v2\/users\/12"}],"replies":[{"embeddable":true,"href":"https:\/\/clearseas.org\/fr\/wp-json\/wp\/v2\/comments?post=20136"}],"version-history":[{"count":9,"href":"https:\/\/clearseas.org\/fr\/wp-json\/wp\/v2\/pages\/20136\/revisions"}],"predecessor-version":[{"id":24938,"href":"https:\/\/clearseas.org\/fr\/wp-json\/wp\/v2\/pages\/20136\/revisions\/24938"}],"wp:attachment":[{"href":"https:\/\/clearseas.org\/fr\/wp-json\/wp\/v2\/media?parent=20136"}],"curies":[{"name":"wp","href":"https:\/\/api.w.org\/{rel}","templated":true}]}}