{"id":20122,"date":"2018-05-03T23:37:39","date_gmt":"2018-05-04T06:37:39","guid":{"rendered":"https:\/\/clearseas.org\/accueil\/"},"modified":"2026-02-27T07:15:00","modified_gmt":"2026-02-27T15:15:00","slug":"accueil","status":"publish","type":"page","link":"https:\/\/clearseas.org\/fr\/","title":{"rendered":"Accueil"},"content":{"rendered":"\n<div class=\"wp-block-group has-global-padding is-layout-constrained wp-block-group-is-layout-constrained\">\n<div class=\"wp-block-cover alignfull is-light newsletter-signup break-out\" style=\"padding-right:var(--wp--preset--spacing--50);padding-left:var(--wp--preset--spacing--50)\"><img data-recalc-dims=\"1\" loading=\"lazy\" decoding=\"async\" width=\"1200\" height=\"218\" class=\"wp-block-cover__image-background wp-image-15583\" alt=\"\" src=\"https:\/\/i0.wp.com\/clearseas.org\/wp-content\/uploads\/Clearseas-clearseas-texture-scaled.jpg?resize=1200%2C218&#038;ssl=1\" data-object-fit=\"cover\" srcset=\"https:\/\/i0.wp.com\/clearseas.org\/wp-content\/uploads\/Clearseas-clearseas-texture-scaled.jpg?w=2560&amp;ssl=1 2560w, https:\/\/i0.wp.com\/clearseas.org\/wp-content\/uploads\/Clearseas-clearseas-texture-scaled.jpg?resize=600%2C109&amp;ssl=1 600w, https:\/\/i0.wp.com\/clearseas.org\/wp-content\/uploads\/Clearseas-clearseas-texture-scaled.jpg?resize=1024%2C186&amp;ssl=1 1024w, https:\/\/i0.wp.com\/clearseas.org\/wp-content\/uploads\/Clearseas-clearseas-texture-scaled.jpg?resize=768%2C140&amp;ssl=1 768w, https:\/\/i0.wp.com\/clearseas.org\/wp-content\/uploads\/Clearseas-clearseas-texture-scaled.jpg?resize=1536%2C279&amp;ssl=1 1536w, https:\/\/i0.wp.com\/clearseas.org\/wp-content\/uploads\/Clearseas-clearseas-texture-scaled.jpg?resize=2048%2C373&amp;ssl=1 2048w, https:\/\/i0.wp.com\/clearseas.org\/wp-content\/uploads\/Clearseas-clearseas-texture-scaled.jpg?w=2400&amp;ssl=1 2400w\" sizes=\"auto, (max-width: 1200px) 100vw, 1200px\" \/><span aria-hidden=\"true\" class=\"wp-block-cover__background has-background-dim-0 has-background-dim\"><\/span><div class=\"wp-block-cover__inner-container is-layout-flow wp-block-cover-is-layout-flow\">\n<div class=\"wp-block-group has-global-padding is-layout-constrained wp-container-core-group-is-layout-f3cf48af wp-block-group-is-layout-constrained\" style=\"padding-top:var(--wp--preset--spacing--20);padding-right:var(--wp--preset--spacing--50);padding-bottom:var(--wp--preset--spacing--20);padding-left:var(--wp--preset--spacing--50)\">\n<div class=\"wp-block-columns alignwide is-layout-flex wp-container-core-columns-is-layout-28f84493 wp-block-columns-is-layout-flex\">\n<div class=\"wp-block-column is-layout-flow wp-block-column-is-layout-flow\" style=\"flex-basis:75%\">\n<p class=\"h4 aos-animate data-aos_fade-left has-white-color has-text-color\" class=\"opener\">Bulletin<\/p>\n\n\n\n<h2 class=\"wp-block-heading has-white-color has-text-color has-link-color wp-elements-6f98937da7c7bffd2a14f14bf88dd4c8\">Recevez les faits directement dans votre bo\u00eete de r\u00e9ception.<\/h2>\n\n\n\n<p class=\"font-up aos-animate data-aos_fade-left has-white-color has-text-color\">Inscrivez-vous pour recevoir la newsletter trimestrielle de Clear Seas.<\/p>\n<\/div>\n\n\n\n<div class=\"wp-block-column is-layout-flow wp-block-column-is-layout-flow\" style=\"flex-basis:25%\"><div class=\"wpforms-container wpforms-block wpforms-block-59225021-349d-4177-ab7b-cd28b80bc992 white-form newsletter-form\" id=\"wpforms-219\"><form id=\"wpforms-form-219\" class=\"wpforms-validate wpforms-form wpforms-ajax-form\" data-formid=\"219\" method=\"post\" enctype=\"multipart\/form-data\" action=\"\/fr\/wp-json\/wp\/v2\/pages\/20122\" data-token=\"bb7c36ec4e82be98f4a872218427181f\" data-token-time=\"1776211293\"><noscript class=\"wpforms-error-noscript\">Please enable JavaScript in your browser to complete this form.<\/noscript><div class=\"wpforms-field-container\"><div id=\"wpforms-219-field_2-container\" class=\"wpforms-field wpforms-field-text\" data-field-id=\"2\"><label class=\"wpforms-field-label wpforms-label-hide\" for=\"wpforms-219-field_2\">Pr\u00e9nom <span class=\"wpforms-required-label\">*<\/span><\/label><input type=\"text\" id=\"wpforms-219-field_2\" class=\"wpforms-field-large wpforms-field-required\" name=\"wpforms[fields][2]\" placeholder=\"Pr\u00e9nom*\" required><\/div><div id=\"wpforms-219-field_1-container\" class=\"wpforms-field wpforms-field-email\" data-field-id=\"1\"><label class=\"wpforms-field-label wpforms-label-hide\" for=\"wpforms-219-field_1\">E-mail <span class=\"wpforms-required-label\">*<\/span><\/label><input type=\"email\" id=\"wpforms-219-field_1\" class=\"wpforms-field-large wpforms-field-required\" data-rule-restricted-email=\"1\" name=\"wpforms[fields][1]\" placeholder=\"Adresse e-mail*\" spellcheck=\"false\" required><\/div><div id=\"wpforms-219-field_3-container\" class=\"wpforms-field wpforms-field-hidden\" data-field-id=\"3\"><input type=\"hidden\" id=\"wpforms-219-field_3\" name=\"wpforms[fields][3]\"><\/div><\/div><!-- .wpforms-field-container --><div class=\"wpforms-field wpforms-field-hp\"><label for=\"wpforms-219-field-hp\" class=\"wpforms-field-label\">Comment<\/label><input type=\"text\" name=\"wpforms[hp]\" id=\"wpforms-219-field-hp\" class=\"wpforms-field-medium\"><\/div><div class=\"wpforms-recaptcha-container wpforms-is-recaptcha wpforms-is-recaptcha-type-v3\" ><input type=\"hidden\" name=\"wpforms[recaptcha]\" value=\"\"><\/div><div class=\"wpforms-submit-container\" ><input type=\"hidden\" name=\"wpforms[id]\" value=\"219\"><input type=\"hidden\" name=\"page_title\" value=\"\"><input type=\"hidden\" name=\"page_url\" value=\"https:\/\/clearseas.org\/fr\/wp-json\/wp\/v2\/pages\/20122\"><input type=\"hidden\" name=\"url_referer\" value=\"\"><button type=\"submit\" name=\"wpforms[submit]\" id=\"wpforms-submit-219\" class=\"wpforms-submit\" data-alt-text=\"Envoi en cours...\" data-submit-text=\"S&#039;abonner\" aria-live=\"assertive\" value=\"wpforms-submit\">S&#039;abonner<\/button><img loading=\"lazy\" decoding=\"async\" src=\"https:\/\/clearseas.org\/wp-content\/plugins\/wpforms\/assets\/images\/submit-spin.svg\" class=\"wpforms-submit-spinner\" style=\"display: none;\" width=\"26\" height=\"26\" alt=\"Loading\"><\/div><\/form><\/div>  <!-- .wpforms-container --><\/div>\n<\/div>\n<\/div>\n<\/div><\/div>\n<\/div>\n\n\n<div style=\"width: 640px;\" class=\"wp-video\"><video class=\"wp-video-shortcode\" id=\"video-20122-1\" width=\"640\" height=\"360\" poster=\"\/wp-content\/uploads\/marine-shipping-matters-video-placeholder-scaled-1.jpeg\" loop preload=\"metadata\" controls=\"controls\"><source type=\"video\/youtube\" src=\"https:\/\/www.youtube.com\/watch?v=LBcH33slcfk&#038;_=1\" \/><a href=\"https:\/\/www.youtube.com\/watch?v=LBcH33slcfk\">https:\/\/www.youtube.com\/watch?v=LBcH33slcfk<\/a><\/video><\/div>\n\n\n\t\n\t<div class=\"ib-wrap align light-section wp-block-acf-tu-scrolling-imgs-blurbs\">\n\t\t<div class=\"ib-headlines\">\n\t\t\t\t\t\t\t<h2 class=\"ib-headline\" data-anchor-target=\"#ib-item-1\"\n\t\t\t\t\tdata-bottom-bottom=\"transform:translateY(150px);\" data-center=\"opacity:1;transform:translateY(0);\"\n\t\t\t\t\tdata--100-top-top=\"opacity:0;\" data-bottom-top=\"opacity: 0;\">\n\t\t\t\t\tRecherche\t\t\t\t<\/h2>\n\t\t\t\t\t\t\t\t\t\t\t<h2 class=\"ib-headline\" data-anchor-target=\"#ib-item-2\"\n\t\t\t\t\tdata-bottom-bottom=\"transform:translateY(150px);\" data-center=\"opacity:1;transform:translateY(0);\"\n\t\t\t\t\tdata--100-top-top=\"opacity:0;\" data-bottom-top=\"opacity: 0;\">\n\t\t\t\t\tInformer\t\t\t\t<\/h2>\n\t\t\t\t\t\t\t\t\t\t\t<h2 class=\"ib-headline\" data-anchor-target=\"#ib-item-3\"\n\t\t\t\t\tdata-bottom-bottom=\"transform:translateY(150px);\" data-center=\"opacity:1;transform:translateY(0);\"\n\t\t\t\t\tdata--100-top-top=\"opacity:0;\" data-bottom-top=\"opacity: 0;\">\n\t\t\t\t\tRassembler\t\t\t\t<\/h2>\n\t\t\t\t\t\t\t\t\t\t\t<h2 class=\"ib-headline\" data-anchor-target=\"#ib-item-4\"\n\t\t\t\t\tdata-bottom-bottom=\"transform:translateY(150px);\" data-center=\"opacity:1;transform:translateY(0);\"\n\t\t\t\t\tdata--100-top-top=\"opacity:0;\" data-bottom-top=\"opacity: 0;\">\n\t\t\t\t\tConnecter\t\t\t\t<\/h2>\n\t\t\t\t\t\t\t\t\t\t\t<h2 class=\"ib-headline\" data-anchor-target=\"#ib-item-5\"\n\t\t\t\t\tdata-bottom-bottom=\"transform:translateY(150px);\" data-center=\"opacity:1;transform:translateY(0);\"\n\t\t\t\t\tdata--100-top-top=\"opacity:0;\" data-bottom-top=\"opacity: 0;\">\n\t\t\t\t\tCr\u00e9er\t\t\t\t<\/h2>\n\t\t\t\t\t\t\t\t\t<\/div>\n\t\t<div class=\"ib-section lgpadding\">\n\n\t\t\t\t\t\t\t\t\t\t\t<div id=\"ib-item-1\"\n\t\t\t\t\t class=\"ib-item align-left\"\n\t\t\t\t\t data--150-center=\"opacity:1;\" data-150-center=\"opacity:1;\" data--100-top-top=\"opacity:0;\"\n\t\t\t\t\t data-bottom-top=\"opacity: 0;\">\n\t\t\t\t\t<div class=\"ib-image ib-item-inner\">\n\t\t\t\t\t\t<img decoding=\"async\" width=\"600\" height=\"450\" src=\"https:\/\/i0.wp.com\/clearseas.org\/wp-content\/uploads\/research-spotlight-pic.png?fit=600%2C450&amp;ssl=1\" class=\"attachment-medium size-medium\" alt=\"\" loading=\"lazy\" srcset=\"https:\/\/i0.wp.com\/clearseas.org\/wp-content\/uploads\/research-spotlight-pic.png?w=754&amp;ssl=1 754w, https:\/\/i0.wp.com\/clearseas.org\/wp-content\/uploads\/research-spotlight-pic.png?resize=600%2C450&amp;ssl=1 600w\" sizes=\"auto, (max-width: 600px) 100vw, 600px\" \/>\t\t\t\t\t<\/div>\n\t\t\t\t\t<div class=\"ib-blurb ib-item-inner\">\n\t\t\t\t\t\t<div class=\"ib-blurb-inner\" data-aos=\"fade-left\">\n\t\t\t\t\t\t\t<p>Clear Seas m\u00e8ne et facilite des <strong>recherches<\/strong> qui g\u00e9n\u00e8rent des informations ind\u00e9pendantes et factuelles sur les questions relatives au transport maritime.<\/p>\n\t\t\t\t\t\t<\/div>\n\t\t\t\t\t<\/div>\n\t\t\t\t\t<div class=\"ib-empty ib-item-inner \">\n\t\t\t\t\t\t\t\t\t\t\t<\/div>\n\t\t\t\t<\/div>\n\t\t\t\t\t\t\t\t\t\t\t\t\t\t\t<div id=\"ib-item-2\"\n\t\t\t\t\t class=\"ib-item align-right\"\n\t\t\t\t\t data--150-center=\"opacity:1;\" data-150-center=\"opacity:1;\" data--100-top-top=\"opacity:0;\"\n\t\t\t\t\t data-bottom-top=\"opacity: 0;\">\n\t\t\t\t\t<div class=\"ib-image ib-item-inner\">\n\t\t\t\t\t\t<img decoding=\"async\" width=\"600\" height=\"400\" src=\"https:\/\/i0.wp.com\/clearseas.org\/wp-content\/uploads\/iStock-1076785838.jpeg?fit=600%2C400&amp;ssl=1\" class=\"attachment-medium size-medium\" alt=\"\" loading=\"lazy\" srcset=\"https:\/\/i0.wp.com\/clearseas.org\/wp-content\/uploads\/iStock-1076785838.jpeg?w=1254&amp;ssl=1 1254w, https:\/\/i0.wp.com\/clearseas.org\/wp-content\/uploads\/iStock-1076785838.jpeg?resize=600%2C400&amp;ssl=1 600w, https:\/\/i0.wp.com\/clearseas.org\/wp-content\/uploads\/iStock-1076785838.jpeg?resize=1024%2C683&amp;ssl=1 1024w, https:\/\/i0.wp.com\/clearseas.org\/wp-content\/uploads\/iStock-1076785838.jpeg?resize=768%2C513&amp;ssl=1 768w\" sizes=\"auto, (max-width: 600px) 100vw, 600px\" \/>\t\t\t\t\t<\/div>\n\t\t\t\t\t<div class=\"ib-blurb ib-item-inner\">\n\t\t\t\t\t\t<div class=\"ib-blurb-inner\" data-aos=\"fade-right\">\n\t\t\t\t\t\t\t<p>Nous partageons des connaissances claires et accessibles afin d&#8217;<strong>\u00e9clairer les<\/strong> d\u00e9cisions des gouvernements, de l&#8217;industrie et du public sur les questions qui ont un impact sur nos eaux communes.<\/p>\n\t\t\t\t\t\t<\/div>\n\t\t\t\t\t<\/div>\n\t\t\t\t\t<div class=\"ib-empty ib-item-inner \">\n\t\t\t\t\t\t\t\t\t\t\t<\/div>\n\t\t\t\t<\/div>\n\t\t\t\t\t\t\t\t\t\t\t\t\t\t\t<div id=\"ib-item-3\"\n\t\t\t\t\t class=\"ib-item align-left\"\n\t\t\t\t\t data--150-center=\"opacity:1;\" data-150-center=\"opacity:1;\" data--100-top-top=\"opacity:0;\"\n\t\t\t\t\t data-bottom-top=\"opacity: 0;\">\n\t\t\t\t\t<div class=\"ib-image ib-item-inner\">\n\t\t\t\t\t\t<img decoding=\"async\" width=\"600\" height=\"400\" src=\"https:\/\/i0.wp.com\/clearseas.org\/wp-content\/uploads\/iStock-175443967-sm.jpeg?fit=600%2C400&amp;ssl=1\" class=\"attachment-medium size-medium\" alt=\"\" loading=\"lazy\" srcset=\"https:\/\/i0.wp.com\/clearseas.org\/wp-content\/uploads\/iStock-175443967-sm.jpeg?w=1280&amp;ssl=1 1280w, https:\/\/i0.wp.com\/clearseas.org\/wp-content\/uploads\/iStock-175443967-sm.jpeg?resize=600%2C400&amp;ssl=1 600w, https:\/\/i0.wp.com\/clearseas.org\/wp-content\/uploads\/iStock-175443967-sm.jpeg?resize=1024%2C682&amp;ssl=1 1024w, https:\/\/i0.wp.com\/clearseas.org\/wp-content\/uploads\/iStock-175443967-sm.jpeg?resize=768%2C512&amp;ssl=1 768w\" sizes=\"auto, (max-width: 600px) 100vw, 600px\" \/>\t\t\t\t\t<\/div>\n\t\t\t\t\t<div class=\"ib-blurb ib-item-inner\">\n\t\t\t\t\t\t<div class=\"ib-blurb-inner\" data-aos=\"fade-left\">\n\t\t\t\t\t\t\t<p>Nous <strong>rassemblons<\/strong> toutes les voix dans un dialogue ouvert et respectueux sur les questions de transport maritime.<\/p>\n\t\t\t\t\t\t<\/div>\n\t\t\t\t\t<\/div>\n\t\t\t\t\t<div class=\"ib-empty ib-item-inner \">\n\t\t\t\t\t\t\t\t\t\t\t<\/div>\n\t\t\t\t<\/div>\n\t\t\t\t\t\t\t\t\t\t\t\t\t\t\t<div id=\"ib-item-4\"\n\t\t\t\t\t class=\"ib-item align-right\"\n\t\t\t\t\t data--150-center=\"opacity:1;\" data-150-center=\"opacity:1;\" data--100-top-top=\"opacity:0;\"\n\t\t\t\t\t data-bottom-top=\"opacity: 0;\">\n\t\t\t\t\t<div class=\"ib-image ib-item-inner\">\n\t\t\t\t\t\t<img decoding=\"async\" width=\"393\" height=\"349\" src=\"https:\/\/i0.wp.com\/clearseas.org\/wp-content\/uploads\/Clearseas-Rectangle-731.jpg?fit=393%2C349&amp;ssl=1\" class=\"attachment-medium size-medium\" alt=\"\" loading=\"lazy\" \/>\t\t\t\t\t<\/div>\n\t\t\t\t\t<div class=\"ib-blurb ib-item-inner\">\n\t\t\t\t\t\t<div class=\"ib-blurb-inner\" data-aos=\"fade-right\">\n\t\t\t\t\t\t\t<p>Nous nous effor\u00e7ons de <strong>mettre en relation des<\/strong> personnes ayant des perspectives diff\u00e9rentes afin de cr\u00e9er un impact transformateur pour les g\u00e9n\u00e9rations futures.<\/p>\n\t\t\t\t\t\t<\/div>\n\t\t\t\t\t<\/div>\n\t\t\t\t\t<div class=\"ib-empty ib-item-inner \">\n\t\t\t\t\t\t\t\t\t\t\t<\/div>\n\t\t\t\t<\/div>\n\t\t\t\t\t\t\t\t\t\t\t\t\t\t\t<div id=\"ib-item-5\"\n\t\t\t\t\t class=\"ib-item align-left\"\n\t\t\t\t\t data--150-center=\"opacity:1;\" data-150-center=\"opacity:1;\" data--100-top-top=\"opacity:0;\"\n\t\t\t\t\t data-bottom-top=\"opacity: 0;\">\n\t\t\t\t\t<div class=\"ib-image ib-item-inner\">\n\t\t\t\t\t\t<img decoding=\"async\" width=\"600\" height=\"400\" src=\"https:\/\/i0.wp.com\/clearseas.org\/wp-content\/uploads\/WestCoast_HeavyLiftVessel.jpeg?fit=600%2C400&amp;ssl=1\" class=\"attachment-medium size-medium\" alt=\"\" loading=\"lazy\" srcset=\"https:\/\/i0.wp.com\/clearseas.org\/wp-content\/uploads\/WestCoast_HeavyLiftVessel.jpeg?w=2000&amp;ssl=1 2000w, https:\/\/i0.wp.com\/clearseas.org\/wp-content\/uploads\/WestCoast_HeavyLiftVessel.jpeg?resize=600%2C400&amp;ssl=1 600w, https:\/\/i0.wp.com\/clearseas.org\/wp-content\/uploads\/WestCoast_HeavyLiftVessel.jpeg?resize=1024%2C683&amp;ssl=1 1024w, https:\/\/i0.wp.com\/clearseas.org\/wp-content\/uploads\/WestCoast_HeavyLiftVessel.jpeg?resize=768%2C512&amp;ssl=1 768w, https:\/\/i0.wp.com\/clearseas.org\/wp-content\/uploads\/WestCoast_HeavyLiftVessel.jpeg?resize=1536%2C1025&amp;ssl=1 1536w\" sizes=\"auto, (max-width: 600px) 100vw, 600px\" \/>\t\t\t\t\t<\/div>\n\t\t\t\t\t<div class=\"ib-blurb ib-item-inner\">\n\t\t\t\t\t\t<div class=\"ib-blurb-inner\" data-aos=\"fade-left\">\n\t\t\t\t\t\t\t<p>Nous <strong>cr\u00e9ons des<\/strong> opportunit\u00e9s de partage des capacit\u00e9s et des exp\u00e9riences professionnelles pour une industrie maritime plus inclusive.<\/p>\n\t\t\t\t\t\t<\/div>\n\t\t\t\t\t<\/div>\n\t\t\t\t\t<div class=\"ib-empty ib-item-inner ib-link\">\n\t\t\t\t\t\t\t\t\t\t\t\t\t<a class=\"link has-blue-color\" href=\"https:\/\/clearseas.org\/fr\/a-propos-de\/\"\n\t\t\t\t\t\t\t   target=\"_self\">D\u00e9couvrez Clear Seas<\/a>\n\t\t\t\t\t\t\t\t\t\t\t<\/div>\n\t\t\t\t<\/div>\n\t\t\t\t\t\t\t\n\t\t<\/div>\n\t<\/div>\n\n\n\n\t\n\t\n\n\n<div\n\tclass=\"media-content-section lgpadding break-out  light-section media-content-contained img-side-right align-center has-lightteal-background-color img-full-height\">\n\t\t\t<div class=\"flex-container\">\n\t\t\t\t<div class=\"flex-row\">\n\t\t\t<div class=\"img-col flex-col-12 flex-col-lg-5\">\n\t\t\t\t<div class=\"img-wrap\">\n\t\t\t\t\t\t\t\t\t\t\t<img decoding=\"async\" src=\"https:\/\/i0.wp.com\/clearseas.org\/wp-content\/uploads\/IIP-Social-media-image-lg-3.jpeg?fit=1297%2C1752&#038;ssl=1\" alt=\"\" class=\"main-col-img\">\n\t\t\t\t\t\t\t\t\t<\/div>\n\t\t\t<\/div>\n\t\t\t<div class=\"content-col flex-col-12 flex-col-lg-7\">\n\t\t\t\t<div class=\"content-col-inner flex-container mdpadding\" data-aos=\"fade-right\">\n\t\t\t\t\t\n\n<h2 class=\"wp-block-heading line-heading has-blue-color has-text-color\">Engag\u00e9s dans la r\u00e9conciliation<\/h2>\n\n\n\n<p class=\"light-section\">Clear Seas reconna\u00eet les droits uniques des peuples autochtones &#8211; y compris les Premi\u00e8res nations, les Inuits et les M\u00e9tis &#8211; au Canada, tels qu&#8217;ils sont prot\u00e9g\u00e9s par l&#8217;article 35 de la Constitution canadienne et tels qu&#8217;ils sont d\u00e9finis dans la D\u00e9claration des Nations unies sur les droits des peuples autochtones. Nous nous effor\u00e7ons d&#8217;\u00e9tablir des relations respectueuses et d&#8217;impliquer activement les communaut\u00e9s autochtones dans l&#8217;accomplissement de notre mission, qui consiste \u00e0 identifier les probl\u00e8mes li\u00e9s \u00e0 la navigation maritime et \u00e0 partager les connaissances en vue d&#8217;une navigation maritime durable.<\/p>\n\n\n\n<p>Le si\u00e8ge social de Clear Seas est situ\u00e9 sur le territoire non c\u00e9d\u00e9 et partag\u00e9 des nations Musqueam, Squamish et Tsleil-Waututh \u00e0 Vancouver, en Colombie-Britannique. Notre travail se d\u00e9roule \u00e0 travers le Canada, sur des territoires et des eaux sous trait\u00e9s et non c\u00e9d\u00e9s des Premiers peuples et des Inuits.<\/p>\n\n\n\n\n    <a class=\"link has-teal-color \" href=\"https:\/\/clearseas.org\/fr\/perspectives-autochtones\/\" target=\"_self\">Comment impliquer les Premiers Peuples dans le secteur maritime<\/a>\n\n\n\t\t\t\t<\/div>\n\t\t\t<\/div>\n\t\t<\/div>\n\t\t\t\t<\/div>\n\t<\/div>\n\n\t<div id=\"upcoming-events\" class=\"has-global-padding is-layout-constrained align light-section wp-block-acf-tu-upcoming-events\">\n\t\t\t\t\t<div class=\"upcoming-events-title alignwide\" data-aos=\"fade-up\" data-aos-delay=\"250\">\n\t\t\t\t<h2 class=\"has-blue-color mdmargin\">\u00c9v\u00e9nements de Clear Seas<\/h2>\n\t\t\t<\/div>\n\t\t\t\t<div class=\"upcoming-events-wrap alignwide\">\n\t\t\t\n\t\t\t<div class=\"upcoming-event smmargin\" data-aos=\"fade-up\"\n\t\t\t\t data-aos-delay=\"250\">\n\t\t\t\t\t\t\t\t\t\t<a href=\"https:\/\/clearseas.org\/fr\/insights\/au-dela-de-lhorizon-gestion-des-risques-maritimes\/\" class=\"recent-post-thumb-link\">\n\t\t\t\t\t\t\t<img loading=\"lazy\" decoding=\"async\" width=\"600\" height=\"400\" src=\"https:\/\/i0.wp.com\/clearseas.org\/wp-content\/uploads\/web_ken-steele-ii-F9mopj-QAeE-unsplash.jpg?fit=600%2C400&amp;ssl=1\" class=\"recent-post-thumb\" alt=\"Au-del\u00e0 de l&#8217;horizon : gestion des risques maritimes post thumbnail\" srcset=\"https:\/\/i0.wp.com\/clearseas.org\/wp-content\/uploads\/web_ken-steele-ii-F9mopj-QAeE-unsplash.jpg?w=1600&amp;ssl=1 1600w, https:\/\/i0.wp.com\/clearseas.org\/wp-content\/uploads\/web_ken-steele-ii-F9mopj-QAeE-unsplash.jpg?resize=600%2C400&amp;ssl=1 600w, https:\/\/i0.wp.com\/clearseas.org\/wp-content\/uploads\/web_ken-steele-ii-F9mopj-QAeE-unsplash.jpg?resize=1024%2C683&amp;ssl=1 1024w, https:\/\/i0.wp.com\/clearseas.org\/wp-content\/uploads\/web_ken-steele-ii-F9mopj-QAeE-unsplash.jpg?resize=768%2C512&amp;ssl=1 768w, https:\/\/i0.wp.com\/clearseas.org\/wp-content\/uploads\/web_ken-steele-ii-F9mopj-QAeE-unsplash.jpg?resize=1536%2C1024&amp;ssl=1 1536w\" sizes=\"auto, (max-width: 600px) 100vw, 600px\" \/>\t\t\t\t\t\t<\/a>\n\t\t\t\t\t\t\t\t\t\n\t\t\t\t<div class=\"upcoming-event-inner\">\n\t\t\t\t\t\t\t\t\t\t<p class=\"xsmargin has-blue-color event-date\">April 21, 2026<\/p>\n\t\t\t\t\t<h3>Au-del\u00e0 de l&#8217;horizon : gestion des risques maritimes<\/h3>\n\t\t\t\t\t\t\t\t\t\t\t<a href=\"https:\/\/clearseas.org\/fr\/insights\/au-dela-de-lhorizon-gestion-des-risques-maritimes\/\"\n\t\t\t\t\t\t   class=\"details-link\">Obtenir des d\u00e9tails<\/a>\n\t\t\t\t\t\t\t\t\t<\/div>\n\t\t\t<\/div>\n\t\t\t\t\t\t\t\t<\/div>\n\t\t<div class=\"upcoming-events-link\" data-aos=\"fade-up\" data-aos-delay=\"250\">\n\t\t\t\t\t\t<a class=\"has-blue-color link\"\n\t\t\t   href=\"https:\/\/clearseas.org\/fr\/evenements\/\">Voir tous les \u00e9v\u00e9nements<\/a>\n\t\t<\/div>\n\t<\/div>\n\n<\/div>","protected":false},"excerpt":{"rendered":"<p>Ce webinaire examine comment la s\u00e9curit\u00e9 des op\u00e9rations maritimes d\u00e9pend de la gestion d&#8217;une zone de risque 3D dynamique\u00a0: sous la ligne de flottaison (UKC), au-dessus de la ligne de flottaison (espace d&#8217;air) et le long du chenal et du poste d&#8217;amarrage. Des experts d&#8217;OMC montreront comment des outils int\u00e9gr\u00e9s d&#8217;aide \u00e0 la d\u00e9cision pour&hellip;<\/p>\n","protected":false},"author":12,"featured_media":16363,"parent":0,"menu_order":0,"comment_status":"closed","ping_status":"closed","template":"","meta":{"_acf_changed":false,"advanced_seo_description":"","jetpack_seo_html_title":"","jetpack_seo_noindex":false,"footnotes":""},"class_list":["post-20122","page","type-page","status-publish","has-post-thumbnail","hentry"],"acf":[],"jetpack_sharing_enabled":true,"_links":{"self":[{"href":"https:\/\/clearseas.org\/fr\/wp-json\/wp\/v2\/pages\/20122","targetHints":{"allow":["GET"]}}],"collection":[{"href":"https:\/\/clearseas.org\/fr\/wp-json\/wp\/v2\/pages"}],"about":[{"href":"https:\/\/clearseas.org\/fr\/wp-json\/wp\/v2\/types\/page"}],"author":[{"embeddable":true,"href":"https:\/\/clearseas.org\/fr\/wp-json\/wp\/v2\/users\/12"}],"replies":[{"embeddable":true,"href":"https:\/\/clearseas.org\/fr\/wp-json\/wp\/v2\/comments?post=20122"}],"version-history":[{"count":14,"href":"https:\/\/clearseas.org\/fr\/wp-json\/wp\/v2\/pages\/20122\/revisions"}],"predecessor-version":[{"id":25535,"href":"https:\/\/clearseas.org\/fr\/wp-json\/wp\/v2\/pages\/20122\/revisions\/25535"}],"wp:featuredmedia":[{"embeddable":true,"href":"https:\/\/clearseas.org\/fr\/wp-json\/wp\/v2\/media\/16363"}],"wp:attachment":[{"href":"https:\/\/clearseas.org\/fr\/wp-json\/wp\/v2\/media?parent=20122"}],"curies":[{"name":"wp","href":"https:\/\/api.w.org\/{rel}","templated":true}]}}