{"id":20109,"date":"2023-07-27T11:14:26","date_gmt":"2023-07-27T18:14:26","guid":{"rendered":"https:\/\/clearseas.org\/a-propos-de\/"},"modified":"2025-11-12T08:53:38","modified_gmt":"2025-11-12T16:53:38","slug":"a-propos-de","status":"publish","type":"page","link":"https:\/\/clearseas.org\/fr\/a-propos-de\/","title":{"rendered":"\u00c0 propos"},"content":{"rendered":"<div id=\"cs-hero\"\n\t class=\"page-hero lgpadding break-out alignfull is-layout-constrained has-global-padding \" style=\"background-image:url(\/wp-content\/uploads\/inner-page-hero-bg.jpg);\">\n\t<div class=\"alignwide is-layout-flex\">\n\t\t<div class=\"hero-headings\">\n\t\t\t<h1 class=\"is-style-line-heading\" data-aos=\"fade-up\" data-aos-delay=\"100\">Pour des d\u00e9cisions \u00e9clair\u00e9es<\/h1>\n\t\t\t\t\t\t\t<h4 class=\"offset-in\" data-aos=\"fade-up\">\u00c0 propos de Clear Seas<\/h4>\n\t\t\t\t\t<\/div>\n\t\t\t\t\t<div class=\"hero-content-with-media flex-row\">\n\t\t\t\t<div class=\"flex-col-12 flex-col-lg-4\">\n\t\t\t\t\t<div class=\"hero-media\">\n\t\t\t\t\t\t\t\t\t\t\t\t\t<img decoding=\"async\" width=\"600\" height=\"400\" src=\"https:\/\/i0.wp.com\/clearseas.org\/wp-content\/uploads\/iStock_000021403854_Double-Medium.jpeg?fit=600%2C400&amp;ssl=1\" class=\"attachment-medium size-medium\" alt=\"\" loading=\"lazy\" data-aos=\"fade-up\" data-aos-delay=\"300\" srcset=\"https:\/\/i0.wp.com\/clearseas.org\/wp-content\/uploads\/iStock_000021403854_Double-Medium.jpeg?w=640&amp;ssl=1 640w, https:\/\/i0.wp.com\/clearseas.org\/wp-content\/uploads\/iStock_000021403854_Double-Medium.jpeg?resize=600%2C400&amp;ssl=1 600w\" sizes=\"auto, (max-width: 600px) 100vw, 600px\" \/>\t\t\t\t\t\t\t\t\t\t\t<\/div>\n\t\t\t\t<\/div>\n\t\t\t\t<div class=\"flex-col-12 flex-col-lg-8\">\n\t\t\t\t\t\t\t\t\t\t\t<div class=\"hero-content\" data-aos=\"fade-left\" data-aos-delay=\"400\">\n\t\t\t\t\t\t\t<p class=\"opener\">Clear Seas est une organisation canadienne \u00e0 but non lucratif qui fournit des informations ind\u00e9pendantes bas\u00e9es sur des faits pour permettre aux gouvernements, \u00e0 l&#8217;industrie et au public de prendre des d\u00e9cisions \u00e9clair\u00e9es sur les questions de transport maritime. Nous cherchons \u00e0 susciter la prise de conscience et la confiance afin de permettre \u00e0 toute personne de sentir qu&#8217;elle fait partie du secteur maritime. Notre vision est celle d&#8217;un secteur maritime durable, s\u00fbr, dynamique et inclusif, aujourd&#8217;hui et pour les g\u00e9n\u00e9rations futures.<\/p>\n\t\t\t\t\t\t<\/div>\n\t\t\t\t\t\t\t\t\t<\/div>\n\t\t\t<\/div>\n\t\t\t<\/div>\n<\/div>\n\n\n<div class=\"wp-block-group alignwide has-global-padding is-layout-constrained wp-block-group-is-layout-constrained\" style=\"padding-top:var(--wp--preset--spacing--80);padding-bottom:var(--wp--preset--spacing--80)\">\n<div class=\"wp-block-columns alignwide are-vertically-aligned-center collapse-sooner is-layout-flex wp-container-core-columns-is-layout-1faf190c wp-block-columns-is-layout-flex\" style=\"padding-top:var(--wp--preset--spacing--70);padding-bottom:var(--wp--preset--spacing--70)\">\n<div class=\"wp-block-column is-vertically-aligned-center mobile-order-2 is-layout-flow wp-block-column-is-layout-flow\" style=\"flex-basis:60%\">\n\t<div class=\"verticalScroll long\">\n\t\t\t\t\t<div>\n\t\t\t\t<h2>Recherche<\/h2>\n\t\t\t<\/div>\n\t\t\t\t\t<div>\n\t\t\t\t<h2>Informer<\/h2>\n\t\t\t<\/div>\n\t\t\t\t\t<div>\n\t\t\t\t<h2>Rassembler<\/h2>\n\t\t\t<\/div>\n\t\t\t\t\t<div>\n\t\t\t\t<h2>Connecter<\/h2>\n\t\t\t<\/div>\n\t\t\t\t\t<div>\n\t\t\t\t<h2>Cr\u00e9er<\/h2>\n\t\t\t<\/div>\n\t\t\t<\/div>\n\n\n\t<\/div>\n\n\n\n<div class=\"wp-block-column is-vertically-aligned-center mobile-order-1 is-layout-flow wp-block-column-is-layout-flow\" style=\"flex-basis:40%\">\n<figure class=\"wp-block-video\"><video height=\"1080\" style=\"aspect-ratio: 1920 \/ 1080;\" width=\"1920\" autoplay loop muted poster=\"https:\/\/clearseas.org\/wp-content\/uploads\/Screen-Shot-2023-08-08-at-2.44.36-PM.png\" src=\"https:\/\/clearseas.org\/wp-content\/uploads\/Clearseas-About-shipping.mp4\" playsinline><\/video><\/figure>\n<\/div>\n<\/div>\n<\/div>\n\n\n\n<div class=\"wp-block-group alignwide has-global-padding is-layout-constrained wp-block-group-is-layout-constrained\" style=\"padding-top:var(--wp--preset--spacing--80);padding-bottom:var(--wp--preset--spacing--80)\">\n<h2 class=\"wp-block-heading line-heading offset nomargin\">Ce que nous faisons<\/h2>\n\n\n\n<div class=\"wp-block-columns alignwide is-layout-flex wp-container-core-columns-is-layout-cf05694f wp-block-columns-is-layout-flex\">\n<div class=\"wp-block-column is-layout-flow wp-block-column-is-layout-flow\" style=\"flex-basis:57%\">\n<p class=\"sticky\">Clear Seas comble les lacunes en mati\u00e8re de connaissances et renforce les capacit\u00e9s dans un secteur important de l\u2019\u00e9conomie canadienne et mondiale. Nous y parvenons gr\u00e2ce \u00e0 des programmes complets de recherche, de communication et de d\u00e9veloppement du personnel, y compris la recherche men\u00e9e par les autochtones et le d\u00e9veloppement ax\u00e9 sur les autochtones.<\/p>\n\n\n\n<div style=\"height:50px\" aria-hidden=\"true\" class=\"wp-block-spacer\"><\/div>\n<\/div>\n\n\n\n<div class=\"wp-block-column is-layout-flow wp-block-column-is-layout-flow\" style=\"flex-basis:43%\">\n<div class=\"wp-block-group aos-animate data-aos_fade-up has-global-padding is-layout-constrained wp-block-group-is-layout-constrained\">\n<h4 class=\"wp-block-heading has-blue-color has-text-color\">Partager les connaissances<\/h4>\n\n\n\n<p>Nous dirigeons et soutenons des recherches qui g\u00e9n\u00e8rent des informations ind\u00e9pendantes et factuelles sur les questions relatives au transport maritime.<\/p>\n\n\n\n<div style=\"height:15px\" aria-hidden=\"true\" class=\"wp-block-spacer\"><\/div>\n\n\n\n<div class=\"wp-block-group aos-animate data-aos_fade-up has-global-padding is-layout-constrained wp-block-group-is-layout-constrained\">\n<h4 class=\"wp-block-heading has-blue-color has-text-color\">Alimenter les conversations<\/h4>\n\n\n\n<p>Nous partageons des informations claires et accessibles qui permettent aux gouvernements, \u00e0 l\u2019industrie et au public de prendre des d\u00e9cisions \u00e9clair\u00e9es sur les questions de transport maritime.<\/p>\n\n\n\n<div style=\"height:15px\" aria-hidden=\"true\" class=\"wp-block-spacer\"><\/div>\n<\/div>\n\n\n\n<div class=\"wp-block-group aos-animate data-aos_fade-up has-global-padding is-layout-constrained wp-block-group-is-layout-constrained\">\n<h4 class=\"wp-block-heading has-blue-color has-text-color\">Rassembler les voix<\/h4>\n\n\n\n<p>Nous rassemblons toutes les voix dans un dialogue ouvert et respectueux sur les questions de transport maritime.<\/p>\n\n\n\n<div style=\"height:15px\" aria-hidden=\"true\" class=\"wp-block-spacer\"><\/div>\n<\/div>\n\n\n\n<div class=\"wp-block-group aos-animate data-aos_fade-up has-global-padding is-layout-constrained wp-block-group-is-layout-constrained\">\n<h4 class=\"wp-block-heading has-blue-color has-text-color\">Renforcer les capacit\u00e9s<\/h4>\n\n\n\n<p>Nous cr\u00e9ons des occasions de partage des capacit\u00e9s et des exp\u00e9riences professionnelles pour une industrie maritime plus inclusive.<\/p>\n<\/div>\n\n\n\n<div style=\"height:50px\" aria-hidden=\"true\" class=\"wp-block-spacer\"><\/div>\n\n\n\n<blockquote class=\"wp-block-quote aos-animate data-aos_fade-up is-layout-flow wp-block-quote-is-layout-flow\">\n<p>Notre travail prend en compte les impacts humains, environnementaux et \u00e9conomiques du transport maritime et contribue \u00e0 rendre l\u2019industrie plus s\u00fbre, plus durable et plus inclusive\u201d.<\/p>\n<\/blockquote>\n<\/div>\n<\/div>\n<\/div>\n<\/div>\n\n\n\n<div class=\"wp-block-media-text alignwide is-stacked-on-mobile is-vertically-aligned-center is-image-fill-element collapse-sooner\" style=\"padding-top:var(--wp--preset--spacing--80);padding-bottom:var(--wp--preset--spacing--80);grid-template-columns:42% auto\"><figure class=\"wp-block-media-text__media\"><img data-recalc-dims=\"1\" loading=\"lazy\" decoding=\"async\" width=\"1024\" height=\"513\" src=\"https:\/\/i0.wp.com\/clearseas.org\/wp-content\/uploads\/\/iStock-179687203-Large.jpeg?resize=1024%2C513&#038;ssl=1\" alt=\"\" class=\"wp-image-20803 size-full\" style=\"object-position:50% 50%\" srcset=\"https:\/\/i0.wp.com\/clearseas.org\/wp-content\/uploads\/iStock-179687203-Large.jpeg?resize=1024%2C513&amp;ssl=1 1024w, https:\/\/i0.wp.com\/clearseas.org\/wp-content\/uploads\/iStock-179687203-Large.jpeg?resize=600%2C300&amp;ssl=1 600w, https:\/\/i0.wp.com\/clearseas.org\/wp-content\/uploads\/iStock-179687203-Large.jpeg?resize=768%2C385&amp;ssl=1 768w, https:\/\/i0.wp.com\/clearseas.org\/wp-content\/uploads\/iStock-179687203-Large.jpeg?w=1280&amp;ssl=1 1280w\" sizes=\"auto, (max-width: 1024px) 100vw, 1024px\" \/><\/figure><div class=\"wp-block-media-text__content\">\n<div style=\"height:3rem\" aria-hidden=\"true\" class=\"wp-block-spacer\"><\/div>\n\n\n\n<h2 class=\"wp-block-heading line-heading aos-animate data-aos_fade-left\">Inclure les connaissances et les perspectives autochtones<\/h2>\n\n\n\n<p class=\"offset-in aos-animate data-aos_fade-left\">Clear Seas s&#8217;efforce d&#8217;impliquer activement les communaut\u00e9s autochtones dans la r\u00e9alisation de ses recherches et le partage des connaissances pour une navigation maritime s\u00fbre et durable au Canada. Dans tous nos programmes, nous donnons la priorit\u00e9 \u00e0 l&#8217;inclusion des perspectives autochtones pour obtenir des informations pr\u00e9cieuses sur la vie et la sant\u00e9 des oc\u00e9ans et sur les impacts du trafic maritime.<\/p>\n\n\n\n<div class=\"wp-block-buttons aos-animate data-aos_fade-left is-layout-flex wp-block-buttons-is-layout-flex\">\n<div class=\"wp-block-button is-style-arrowlink\"><a class=\"wp-block-button__link wp-element-button\" href=\"https:\/\/clearseas.org\/fr\/perspectives-autochtones\/\">Learn more about our commitment<\/a><\/div>\n<\/div>\n\n\n\n<div style=\"height:3rem\" aria-hidden=\"true\" class=\"wp-block-spacer\"><\/div>\n<\/div><\/div>\n\n\n\n\t<div class=\"animated-quote break-out alignfull has-global-padding is-layout-constrained lgpadding has-lightblue-background-color  alignfull\">\n\t\t<div class=\"alignwide\">\n\t\t\t<div class=\"quote-icon\">\n\t\t\t\t\t\t\t\t\t<img decoding=\"async\" src=\"\/wp-content\/uploads\/blue-quote.svg\" aria-hidden=\"true\">\n\t\t\t\t\t\t\t<\/div>\n\t\t\t<div class=\"quote-text h2\"><q>&#8220;Les aspirations du Canada en mati\u00e8re de croissance \u00e9conomique, de protection de l&#8217;environnement et d&#8217;att\u00e9nuation des changements climatiques, en partenariat avec les Premiers peuples et les Inuits, n\u00e9cessitent un syst\u00e8me de transport maritime s\u00fbr, durable et dynamique.&#8221;<\/q><\/div>\n\t\t\t\t\t<\/div>\n\t<\/div>\n\n\n\n\t\t\n\n\n\n<div class=\"wp-block-group alignwide has-global-padding is-layout-constrained wp-block-group-is-layout-constrained\" style=\"padding-top:var(--wp--preset--spacing--80);padding-bottom:var(--wp--preset--spacing--80)\">\n<h2 class=\"wp-block-heading alignwide line-heading offset nomargin\">Notre fonctionnement<\/h2>\n\n\n\n<div class=\"wp-block-columns alignwide is-layout-flex wp-container-core-columns-is-layout-ef6a5bd7 wp-block-columns-is-layout-flex\" style=\"padding-top:var(--wp--preset--spacing--60);padding-bottom:var(--wp--preset--spacing--60)\">\n<div class=\"wp-block-column is-layout-flow wp-block-column-is-layout-flow\" style=\"flex-basis:57%\">\n<p class=\"sticky\">Notre position en tant qu&#8217;organisation \u00e0 but non lucratif ind\u00e9pendante et digne de confiance et notre engagement \u00e0 \u00e9tablir des partenariats de collaboration nous ont permis de r\u00e9unir des perspectives diverses et de collaborer entre les secteurs.<\/p>\n<\/div>\n\n\n\n<div class=\"wp-block-column is-layout-flow wp-block-column-is-layout-flow\" style=\"flex-basis:43%\">\n<div class=\"wp-block-group aos-animate data-aos_fade-up has-global-padding is-layout-constrained wp-block-group-is-layout-constrained\">\n<figure class=\"wp-block-image size-large flex justify-end nomargin\"><img loading=\"lazy\" decoding=\"async\" width=\"96\" height=\"94\" src=\"https:\/\/clearseas.org\/wp-content\/uploads\/\/clear-seas-icon-blue.svg\" alt=\"Clear Seas Logo Mark\" class=\"wp-image-15923\"\/><\/figure>\n\n\n\n<p class=\"has-text-align-right\">Le fait d&#8217;int\u00e9grer de nombreuses voix diff\u00e9rentes dans la conversation permet \u00e0 Clear Seas de contribuer \u00e0 une recherche opportune et pertinente pour soutenir la prise de d\u00e9cision sur les questions de transport maritime et faire progresser la r\u00e9conciliation avec les populations autochtones.<\/p>\n<\/div>\n<\/div>\n<\/div>\n\n\n\n\t\n\t\n\n\t<div class=\"accordion style-large align wp-block-acf-tu-accordion\">\n\t\t\n\t\t\t\t\t\n\t\t\t<div class=\"accordion-item\" \t\t\t\t data-aos=\"fade-up\">\n\t\t\t\t<button class=\"accordion-button no-btn-style\" aria-controls=\"content-1\"\n\t\t\t\t\t\taria-expanded=\"false\"\n\t\t\t\t\t\tid=\"accordion-control-1\" >Impact mondial<\/button>\n\n\t\t\t\t<div class=\"accordion-content\" aria-hidden=\"true\"\n\t\t\t\t\t id=\"content-1\" >\n\t\t\t\t\t\n\t\t\t\t\t<p>Le transport maritime est un \u00e9l\u00e9ment essentiel du commerce mondial et le moyen de transport le plus efficace. Il s&#8217;agit \u00e9galement de l&#8217;une des menaces les plus importantes pour la biodiversit\u00e9 des oc\u00e9ans et du sixi\u00e8me plus grand contributeur aux \u00e9missions de gaz \u00e0 effet de serre dans le monde.<\/p>\n<p>Le Canada est bien plac\u00e9 pour jouer un r\u00f4le de premier plan dans l&#8217;\u00e9conomie bleue \u00e9mergente. Situ\u00e9 entre les deux plus grands oc\u00e9ans, avec les routes commerciales les plus fr\u00e9quent\u00e9es, et l&#8217;\u00e9ventuelle future route commerciale \u00e0 travers l&#8217;Arctique, le Canada poss\u00e8de \u00e9galement le plus long littoral et les quatri\u00e8mes plus grands territoires oc\u00e9aniques du monde.<\/p>\n<p>Clear Seas s&#8217;engage \u00e0 faire la diff\u00e9rence en agissant avec courage pour le bien-\u00eatre des g\u00e9n\u00e9rations futures.<\/p>\n\n\t\t\t\t\t\t\t\t\t<\/div>\n\t\t\t<\/div>\n\n\t\t\t\t\t\n\t\t\t<div class=\"accordion-item\" \t\t\t\t data-aos=\"fade-up\">\n\t\t\t\t<button class=\"accordion-button no-btn-style\" aria-controls=\"content-2\"\n\t\t\t\t\t\taria-expanded=\"false\"\n\t\t\t\t\t\tid=\"accordion-control-2\" >\u00c9cosyst\u00e8me int\u00e9gr\u00e9<\/button>\n\n\t\t\t\t<div class=\"accordion-content\" aria-hidden=\"true\"\n\t\t\t\t\t id=\"content-2\" >\n\t\t\t\t\t\n\t\t\t\t\t<p>L&#8217;inversion de la d\u00e9t\u00e9rioration des zones c\u00f4ti\u00e8res caus\u00e9e par l&#8217;activit\u00e9 maritime et la reconstitution de la biodiversit\u00e9 n\u00e9cessitent une approche collaborative et un changement de mentalit\u00e9.<\/p>\n<p>Les nombreuses entit\u00e9s impliqu\u00e9es dans l&#8217;\u00e9cosyst\u00e8me du transport maritime doivent \u00eatre int\u00e9gr\u00e9es dans un r\u00e9seau efficace et interd\u00e9pendant visant \u00e0 travailler ensemble pour r\u00e9soudre les probl\u00e8mes difficiles &#8211; tels que les changements climatiques, la biodiversit\u00e9 et l&#8217;acc\u00e8s \u00e0 une main-d&#8217;\u0153uvre qualifi\u00e9e &#8211; qui affectent tout le monde.<\/p>\n\n\t\t\t\t\t\t\t\t\t<\/div>\n\t\t\t<\/div>\n\n\t\t\t\t\t\n\t\t\t<div class=\"accordion-item\" \t\t\t\t data-aos=\"fade-up\">\n\t\t\t\t<button class=\"accordion-button no-btn-style\" aria-controls=\"content-3\"\n\t\t\t\t\t\taria-expanded=\"false\"\n\t\t\t\t\t\tid=\"accordion-control-3\" >Financement<\/button>\n\n\t\t\t\t<div class=\"accordion-content\" aria-hidden=\"true\"\n\t\t\t\t\t id=\"content-3\" >\n\t\t\t\t\t\n\t\t\t\t\t<div id=\"attachment_15945\" style=\"width: 435px\" class=\"wp-caption alignright\"><img data-recalc-dims=\"1\" loading=\"lazy\" decoding=\"async\" aria-describedby=\"caption-attachment-15945\" class=\"wp-image-15945\" src=\"https:\/\/i0.wp.com\/clearseas.org\/wp-content\/uploads\/Clear-Seas-Funding-EN-2-numbers-e1632245131299-1.png?resize=425%2C277&#038;ssl=1\" alt=\"\" width=\"425\" height=\"277\" srcset=\"https:\/\/i0.wp.com\/clearseas.org\/wp-content\/uploads\/Clear-Seas-Funding-EN-2-numbers-e1632245131299-1.png?resize=600%2C391&amp;ssl=1 600w, https:\/\/i0.wp.com\/clearseas.org\/wp-content\/uploads\/Clear-Seas-Funding-EN-2-numbers-e1632245131299-1.png?resize=768%2C501&amp;ssl=1 768w, https:\/\/i0.wp.com\/clearseas.org\/wp-content\/uploads\/Clear-Seas-Funding-EN-2-numbers-e1632245131299-1.png?w=925&amp;ssl=1 925w\" sizes=\"auto, (max-width: 425px) 100vw, 425px\" \/><p id=\"caption-attachment-15945\" class=\"wp-caption-text\">Clear Seas funding, 2015-2022<\/p><\/div>\n<p>Clear Seas is funded by governments and industry, as detailed in our <a href=\"https:\/\/clearseas.org\/public-reporting\/\">annual audited financial statements<\/a>. All reports and findings are freely available to the public through our website and social media channels.<\/p>\n\n\t\t\t\t\t\t\t\t\t<\/div>\n\t\t\t<\/div>\n\n\t\t\t\t\t\n\t\t\t<div class=\"accordion-item\" \t\t\t\t data-aos=\"fade-up\">\n\t\t\t\t<button class=\"accordion-button no-btn-style\" aria-controls=\"content-4\"\n\t\t\t\t\t\taria-expanded=\"false\"\n\t\t\t\t\t\tid=\"accordion-control-4\" >Partenaires de confiance<\/button>\n\n\t\t\t\t<div class=\"accordion-content\" aria-hidden=\"true\"\n\t\t\t\t\t id=\"content-4\" >\n\t\t\t\t\t\n\t\t\t\t\t<p>Clear Seas has established a strong and growing national presence in all aspects of our work. We have built relationships with academics, Indigenous communities, government representatives, maritime industry stakeholders, other non-profit organizations and contractors across the country. This informs the planning, design, delivery and monitoring of our research efforts and various programs.<\/p>\n<p>As a bridge builder, Clear Seas works with many partners to build and share capacity for research. Browse our various research projects to see our network of partners.<\/p>\n<p><a href=\"https:\/\/clearseas.org\/research\/\">View research projects<\/a><\/p>\n\n\t\t\t\t\t\t\t\t\t<\/div>\n\t\t\t<\/div>\n\n\t\t\t\t\t\n\t\t\t<div class=\"accordion-item\" \t\t\t\t data-aos=\"fade-up\">\n\t\t\t\t<button class=\"accordion-button no-btn-style\" aria-controls=\"content-5\"\n\t\t\t\t\t\taria-expanded=\"false\"\n\t\t\t\t\t\tid=\"accordion-control-5\" >Processus de recherche<\/button>\n\n\t\t\t\t<div class=\"accordion-content\" aria-hidden=\"true\"\n\t\t\t\t\t id=\"content-5\" >\n\t\t\t\t\t\n\t\t\t\t\t<p>Clear Seas\u2019 research program has evolved to be diverse in geographic reach, subject matter, and participant involvement. Research topics are gleaned from discussions with industry, government, Indigenous communities and academics, from international and national news sources, and from the networks of our Research Advisory Committee and Board of Directors.<\/p>\n<p><a href=\"https:\/\/clearseas.org\/research-process\/\">Learn more about our research process<\/a><\/p>\n\n\t\t\t\t\t\t\t\t\t<\/div>\n\t\t\t<\/div>\n\n\t\t\t\t\t\n\t\t\t<div class=\"accordion-item\" \t\t\t\t data-aos=\"fade-up\">\n\t\t\t\t<button class=\"accordion-button no-btn-style\" aria-controls=\"content-6\"\n\t\t\t\t\t\taria-expanded=\"false\"\n\t\t\t\t\t\tid=\"accordion-control-6\" >Mobilisation des connaissances et communication<\/button>\n\n\t\t\t\t<div class=\"accordion-content\" aria-hidden=\"true\"\n\t\t\t\t\t id=\"content-6\" >\n\t\t\t\t\t\n\t\t\t\t\t<p>Clear Seas is committed to free, open, and accessible knowledge sharing. We are committed to being clear, accurate, accessible and informative.<\/p>\n<p>Clear Seas convenes diverse perspectives and supports\u00a0 productive dialogue, in part through the community of practice co-founded with the Marine Environmental Observation, Prediction and Response (<a href=\"https:\/\/meopar.ca\/\" target=\"_blank\" rel=\"noopener\">MEOPAR<\/a>), the <a href=\"https:\/\/clearseas.org\/canadian-marine-shipping-risk-forum\/\">Canadian Marine Shipping Risk Forum<\/a>.<\/p>\n<p>We ensure communications are accessible by:<\/p>\n<ul>\n<li>Bridging knowledge gaps with new research and clear content<\/li>\n<li>Providing information in a variety of formats, including articles, infographics, and reports<\/li>\n<li>Communicating in both French and English<\/li>\n<li>Delivering a website that is compatible across many browsers and devices<\/li>\n<\/ul>\n\n\t\t\t\t\t\t\t\t\t<\/div>\n\t\t\t<\/div>\n\n\t\t\n\t<\/div>\n\n\t\n\n\n\n\t\n\t\n<\/div>\n\n\n<div\n\tclass=\"media-content-section lgpadding break-out  alignfull media-content-contained img-side-right align-center has-lightteal-background-color img-full-height\">\n\t\t\t<div class=\"flex-container\">\n\t\t\t\t<div class=\"flex-row\">\n\t\t\t<div class=\"img-col flex-col-12 flex-col-lg-5\">\n\t\t\t\t<div class=\"img-wrap\">\n\t\t\t\t\t\t\t\t\t\t\t<img decoding=\"async\" src=\"https:\/\/i0.wp.com\/clearseas.org\/wp-content\/uploads\/P7120556-scaled.jpeg?fit=2560%2C2556&#038;ssl=1\" alt=\"\" class=\"main-col-img\">\n\t\t\t\t\t\t\t\t\t<\/div>\n\t\t\t<\/div>\n\t\t\t<div class=\"content-col flex-col-12 flex-col-lg-7\">\n\t\t\t\t<div class=\"content-col-inner flex-container mdpadding\" data-aos=\"fade-right\">\n\t\t\t\t\t\n\n<h2 class=\"wp-block-heading line-heading offset has-blue-color has-text-color\">Les personnes derri\u00e8re Clear Seas<\/h2>\n\n\n\n<p>Les membres de l&#8217;\u00e9quipe Clear Seas sont des personnes passionn\u00e9es d&#8217;horizons divers qui s&#8217;efforcent de faire la diff\u00e9rence en agissant avec courage pour le bien-\u00eatre des g\u00e9n\u00e9rations futures. En savoir plus sur notre \u00e9quipe, notre conseil d&#8217;administration et notre comit\u00e9 consultatif de la recherche.<\/p>\n\n\n\n\n    <a class=\"link has-blue-color \" href=\"https:\/\/clearseas.org\/our-people\/\" target=\"_self\">Get to know our people<\/a>\n\n\n\t\t\t\t<\/div>\n\t\t\t<\/div>\n\t\t<\/div>\n\t\t\t\t<\/div>\n\t<\/div>\n\n\n\n","protected":false},"excerpt":{"rendered":"<p>Clear Seas comble les lacunes en mati\u00e8re de connaissances et renforce les capacit\u00e9s dans un secteur important de l\u2019\u00e9conomie canadienne et mondiale. Nous y parvenons gr\u00e2ce \u00e0 des programmes complets de recherche, de communication et de d\u00e9veloppement du personnel, y compris la recherche men\u00e9e par les autochtones et le d\u00e9veloppement ax\u00e9 sur les autochtones. Nous&hellip;<\/p>\n","protected":false},"author":12,"featured_media":16389,"parent":0,"menu_order":0,"comment_status":"closed","ping_status":"closed","template":"","meta":{"_acf_changed":false,"advanced_seo_description":"","jetpack_seo_html_title":"","jetpack_seo_noindex":false,"footnotes":""},"class_list":["post-20109","page","type-page","status-publish","has-post-thumbnail","hentry"],"acf":[],"jetpack_sharing_enabled":true,"_links":{"self":[{"href":"https:\/\/clearseas.org\/fr\/wp-json\/wp\/v2\/pages\/20109","targetHints":{"allow":["GET"]}}],"collection":[{"href":"https:\/\/clearseas.org\/fr\/wp-json\/wp\/v2\/pages"}],"about":[{"href":"https:\/\/clearseas.org\/fr\/wp-json\/wp\/v2\/types\/page"}],"author":[{"embeddable":true,"href":"https:\/\/clearseas.org\/fr\/wp-json\/wp\/v2\/users\/12"}],"replies":[{"embeddable":true,"href":"https:\/\/clearseas.org\/fr\/wp-json\/wp\/v2\/comments?post=20109"}],"version-history":[{"count":15,"href":"https:\/\/clearseas.org\/fr\/wp-json\/wp\/v2\/pages\/20109\/revisions"}],"predecessor-version":[{"id":24951,"href":"https:\/\/clearseas.org\/fr\/wp-json\/wp\/v2\/pages\/20109\/revisions\/24951"}],"wp:featuredmedia":[{"embeddable":true,"href":"https:\/\/clearseas.org\/fr\/wp-json\/wp\/v2\/media\/16389"}],"wp:attachment":[{"href":"https:\/\/clearseas.org\/fr\/wp-json\/wp\/v2\/media?parent=20109"}],"curies":[{"name":"wp","href":"https:\/\/api.w.org\/{rel}","templated":true}]}}