{"id":16605,"date":"2023-08-16T12:18:24","date_gmt":"2023-08-16T19:18:24","guid":{"rendered":"https:\/\/clearseas.org\/formulaire-de-candidature-programme-de-stage-2023\/"},"modified":"2025-11-12T08:42:19","modified_gmt":"2025-11-12T16:42:19","slug":"formulaire-de-candidature-programme-de-stage-2024","status":"publish","type":"page","link":"https:\/\/clearseas.org\/fr\/formulaire-de-candidature-programme-de-stage-2024\/","title":{"rendered":"Formulaire de candidature: Programme de stage 2025"},"content":{"rendered":"\n<h1 class=\"wp-block-heading line-heading aos-animate data-aos_fade-left has-blue-color has-text-color\">Formulaire de candidature: Programme de stage 2025<\/h1>\n\n\n\n<div style=\"height:var(--wp--preset--spacing--small)\" aria-hidden=\"true\" class=\"wp-block-spacer\"><\/div>\n\n\n<div class=\"wpforms-container aos-animate data-aos_fade-up wpforms-block wpforms-block-fc0b3cee-1107-4a63-891d-e774d931acb9\" id=\"wpforms-16590\"><form id=\"wpforms-form-16590\" class=\"wpforms-validate wpforms-form wpforms-ajax-form\" data-formid=\"16590\" method=\"post\" enctype=\"multipart\/form-data\" action=\"\/fr\/wp-json\/wp\/v2\/pages\/16605?wpforms_form_id=16590\" data-token=\"6ee6162a820634c8ab44d4c6179d3700\" data-token-time=\"1776458134\"><noscript class=\"wpforms-error-noscript\">Please enable JavaScript in your browser to complete this form.<\/noscript><div class=\"wpforms-field-container\"><div id=\"wpforms-16590-field_0-container\" class=\"wpforms-field wpforms-field-name\" data-field-id=\"0\"><label class=\"wpforms-field-label\">Nom <span class=\"wpforms-required-label\">*<\/span><\/label><div class=\"wpforms-field-row wpforms-field-large\"><div class=\"wpforms-field-row-block wpforms-first wpforms-one-half\"><input type=\"text\" id=\"wpforms-16590-field_0\" class=\"wpforms-field-name-first wpforms-field-required\" name=\"wpforms[fields][0][first]\" required><label for=\"wpforms-16590-field_0\" class=\"wpforms-field-sublabel after\">First<\/label><\/div><div class=\"wpforms-field-row-block wpforms-one-half\"><input type=\"text\" id=\"wpforms-16590-field_0-last\" class=\"wpforms-field-name-last wpforms-field-required\" name=\"wpforms[fields][0][last]\" required><label for=\"wpforms-16590-field_0-last\" class=\"wpforms-field-sublabel after\">Last<\/label><\/div><\/div><\/div><div id=\"wpforms-16590-field_5-container\" class=\"wpforms-field wpforms-field-layout\" data-field-id=\"5\"><div class=\"wpforms-field-layout-columns wpforms-field-layout-preset-50-50\"><div class=\"wpforms-layout-column wpforms-layout-column-50\" ><div id=\"wpforms-16590-field_1-container\" class=\"wpforms-field wpforms-field-email\" data-field-id=\"1\"><label class=\"wpforms-field-label\" for=\"wpforms-16590-field_1\">Courriel <span class=\"wpforms-required-label\">*<\/span><\/label><input type=\"email\" id=\"wpforms-16590-field_1\" class=\"wpforms-field-large wpforms-field-required\" name=\"wpforms[fields][1]\" spellcheck=\"false\" required><\/div><\/div><div class=\"wpforms-layout-column wpforms-layout-column-50\" ><div id=\"wpforms-16590-field_4-container\" class=\"wpforms-field wpforms-field-phone\" data-field-id=\"4\"><label class=\"wpforms-field-label\" for=\"wpforms-16590-field_4\">T\u00e9l\u00e9phone<\/label><input type=\"tel\" id=\"wpforms-16590-field_4\" class=\"wpforms-field-medium wpforms-masked-input\" data-inputmask=\"&#039;mask&#039;: &#039;(999) 999-9999&#039;\" data-rule-us-phone-field=\"true\" data-inputmask-inputmode=\"tel\" name=\"wpforms[fields][4]\" aria-label=\"T\u00e9l\u00e9phone\" ><\/div><\/div><\/div><\/div><div id=\"wpforms-16590-field_3-container\" class=\"wpforms-field wpforms-field-address\" data-field-id=\"3\"><label class=\"wpforms-field-label\">Adresse postale<\/label><div class=\"wpforms-field-row wpforms-field-large\"><div ><input type=\"text\" id=\"wpforms-16590-field_3\" class=\"wpforms-field-address-address1\" name=\"wpforms[fields][3][address1]\" ><label for=\"wpforms-16590-field_3\" class=\"wpforms-field-sublabel after\">Address Line 1<\/label><\/div><\/div><div class=\"wpforms-field-row wpforms-field-large\"><div class=\"wpforms-field-row-block wpforms-one-half wpforms-first\"><input type=\"text\" id=\"wpforms-16590-field_3-city\" class=\"wpforms-field-address-city\" name=\"wpforms[fields][3][city]\" ><label for=\"wpforms-16590-field_3-city\" class=\"wpforms-field-sublabel after\">Ville<\/label><\/div><div class=\"wpforms-field-row-block wpforms-one-half\"><input type=\"text\" id=\"wpforms-16590-field_3-state\" class=\"wpforms-field-address-state\" name=\"wpforms[fields][3][state]\" ><label for=\"wpforms-16590-field_3-state\" class=\"wpforms-field-sublabel after\">State \/ Province \/ Region<\/label><\/div><\/div><div class=\"wpforms-field-row wpforms-field-large\"><div class=\"wpforms-field-row-block wpforms-one-half wpforms-first\"><input type=\"text\" id=\"wpforms-16590-field_3-postal\" class=\"wpforms-field-address-postal\" name=\"wpforms[fields][3][postal]\" ><label for=\"wpforms-16590-field_3-postal\" class=\"wpforms-field-sublabel after\">Postal Code<\/label><\/div><\/div><\/div><div id=\"wpforms-16590-field_6-container\" class=\"wpforms-field wpforms-field-select wpforms-field-select-style-classic\" data-field-id=\"6\"><label class=\"wpforms-field-label\" for=\"wpforms-16590-field_6\">Vous identifiez-vous comme Autochtone? Si oui, quel \u00e9nonc\u00e9 vous d\u00e9crit le mieux?<\/label><select id=\"wpforms-16590-field_6\" class=\"wpforms-field-large\" name=\"wpforms[fields][6]\"><option value=\"Membre inscrit des Premi\u00e8res Nations\"  class=\"choice-1 depth-1\"  >Membre inscrit des Premi\u00e8res Nations<\/option><option value=\"Membre non inscrit des Premi\u00e8res Nations\"  class=\"choice-2 depth-1\"  >Membre non inscrit des Premi\u00e8res Nations<\/option><option value=\"M\u00e9tis\"  class=\"choice-3 depth-1\"  >M\u00e9tis<\/option><option value=\"Inuit\"  class=\"choice-4 depth-1\"  >Inuit<\/option><\/select><\/div><div id=\"wpforms-16590-field_2-container\" class=\"wpforms-field wpforms-field-textarea\" data-field-id=\"2\"><label class=\"wpforms-field-label\" for=\"wpforms-16590-field_2\">Qu\u2019est-ce qui vous motive \u00e0 participer au programme?<\/label><textarea id=\"wpforms-16590-field_2\" class=\"wpforms-field-medium\" name=\"wpforms[fields][2]\" ><\/textarea><\/div><div id=\"wpforms-16590-field_7-container\" class=\"wpforms-field wpforms-field-textarea\" data-field-id=\"7\"><label class=\"wpforms-field-label\" for=\"wpforms-16590-field_7\">Quel sujet aimeriez-vous \u00e9tudier dans le cadre de votre stage? Un sujet peut vous \u00eatre attribu\u00e9 au besoin.<\/label><textarea id=\"wpforms-16590-field_7\" class=\"wpforms-field-medium\" name=\"wpforms[fields][7]\" ><\/textarea><\/div><div id=\"wpforms-16590-field_8-container\" class=\"wpforms-field wpforms-field-radio\" data-field-id=\"8\"><label class=\"wpforms-field-label\">\u00cates-vous actuellement inscrit ou en voie de vous inscrire \u00e0 un programme coll\u00e9gial ou universitaire au sein d\u2019un \u00e9tablissement d\u2019enseignement canadien?<\/label><ul id=\"wpforms-16590-field_8\"><li class=\"choice-1 depth-1\"><input type=\"radio\" id=\"wpforms-16590-field_8_1\" name=\"wpforms[fields][8]\" value=\"Oui\"  ><label class=\"wpforms-field-label-inline\" for=\"wpforms-16590-field_8_1\">Oui<\/label><\/li><li class=\"choice-2 depth-1\"><input type=\"radio\" id=\"wpforms-16590-field_8_2\" name=\"wpforms[fields][8]\" value=\"Non\"  ><label class=\"wpforms-field-label-inline\" for=\"wpforms-16590-field_8_2\">Non<\/label><\/li><\/ul><\/div><div id=\"wpforms-16590-field_9-container\" class=\"wpforms-field wpforms-field-textarea\" data-field-id=\"9\"><label class=\"wpforms-field-label\" for=\"wpforms-16590-field_9\">Dans quel programme coll\u00e9gial ou universitaire \u00eates-vous actuellement inscrit ou en voie de vous inscrire?<\/label><textarea id=\"wpforms-16590-field_9\" class=\"wpforms-field-medium\" name=\"wpforms[fields][9]\" ><\/textarea><\/div><div id=\"wpforms-16590-field_10-container\" class=\"wpforms-field wpforms-field-select wpforms-field-select-style-classic\" data-field-id=\"10\"><label class=\"wpforms-field-label\" for=\"wpforms-16590-field_10\">O\u00f9\/comment avez-vous entendu parler du programme de stage?<\/label><select id=\"wpforms-16590-field_10\" class=\"wpforms-field-large\" name=\"wpforms[fields][10]\"><option value=\"M\u00e9dias sociaux\"  class=\"choice-1 depth-1\"  >M\u00e9dias sociaux<\/option><option value=\"Site Web de Clear Seas\"  class=\"choice-2 depth-1\"  >Site Web de Clear Seas<\/option><option value=\"Bouche \u00e0 oreille\"  class=\"choice-3 depth-1\"  >Bouche \u00e0 oreille<\/option><option value=\"Babillard communautaire\"  class=\"choice-4 depth-1\"  >Babillard communautaire<\/option><option value=\"\u00c9tablissement d\u2019enseignement\"  class=\"choice-5 depth-1\"  >\u00c9tablissement d\u2019enseignement<\/option><\/select><\/div><div id=\"wpforms-16590-field_11-container\" class=\"wpforms-field wpforms-field-file-upload\" data-field-id=\"11\"><label class=\"wpforms-field-label\" for=\"wpforms-16590-field_11\">Si vous le souhaitez, vous pouvez joindre votre curriculum vitae ou tout autre document que vous jugez pertinent pour votre application. <\/label><div\n\t\tclass=\"wpforms-uploader \"\n\t\tdata-field-id=\"11\"\n\t\tdata-form-id=\"16590\"\n\t\tdata-input-name=\"wpforms_16590_11\"\n\t\tdata-extensions=\"pdf,doc,docx,odt,jpg,png,jpeg\"\n\t\tdata-max-size=\"52428800\"\n\t\tdata-max-file-number=\"3\"\n\t\tdata-post-max-size=\"30720000\"\n\t\tdata-max-parallel-uploads=\"4\"\n\t\tdata-parallel-uploads=\"true\"\n\t\tdata-file-chunk-size=\"2097152\">\n\t<div class=\"dz-message\">\n\t\t<svg  viewBox=\"0 0 640 640\" focusable=\"false\" data-icon=\"inbox\" width=\"50px\" height=\"50px\" fill=\"currentColor\" aria-hidden=\"true\">\n\t\t\t<path d=\"M352 173.3L352 384C352 401.7 337.7 416 320 416C302.3 416 288 401.7 288 384L288 173.3L246.6 214.7C234.1 227.2 213.8 227.2 201.3 214.7C188.8 202.2 188.8 181.9 201.3 169.4L297.3 73.4C309.8 60.9 330.1 60.9 342.6 73.4L438.6 169.4C451.1 181.9 451.1 202.2 438.6 214.7C426.1 227.2 405.8 227.2 393.3 214.7L352 173.3zM320 464C364.2 464 400 428.2 400 384L480 384C515.3 384 544 412.7 544 448L544 480C544 515.3 515.3 544 480 544L160 544C124.7 544 96 515.3 96 480L96 448C96 412.7 124.7 384 160 384L240 384C240 428.2 275.8 464 320 464zM464 488C477.3 488 488 477.3 488 464C488 450.7 477.3 440 464 440C450.7 440 440 450.7 440 464C440 477.3 450.7 488 464 488z\"\/ class=\"opener\">\n\t\t<\/svg>\n\n\t\t<span class=\"modern-title\">\n\t\t\t\t\t\t\tDrag &amp; Drop Files, \t\t\t\t<span>Choose Files to Upload<\/span>\n\t\t\t\t\t<\/span>\n\n\t\t\t\t\t<span class=\"modern-hint\">You can upload up to 3 files.<\/span>\n\t\t\t<\/div>\n<\/div>\n\n<input\n\t\ttype=\"text\"\n\t\tautocomplete=\"off\"\n\t\treadonly\n\t\tclass=\"dropzone-input\"\n\t\tstyle=\"position:absolute!important;clip:rect(0,0,0,0)!important;height:1px!important;width:1px!important;border:0!important;overflow:hidden!important;padding:0!important;margin:0!important;\"\n\t\tid=\"wpforms-16590-field_11\"\n\t\tname=\"wpforms_16590_11\" \t\tvalue=\"\">\n<div class=\"wpforms-field-description\">Types de fichier accept\u00e9s : pdf, doc, docx, pages, txt, rtf, odt, wpd, tex, jpg, png, jpeg<br>Taille maximum des fichiers : 50 MB\n<\/div><\/div><\/div><!-- .wpforms-field-container --><div class=\"wpforms-recaptcha-container wpforms-is-recaptcha wpforms-is-recaptcha-type-v3\" ><input type=\"hidden\" name=\"wpforms[recaptcha]\" value=\"\"><\/div><div class=\"wpforms-submit-container\" ><input type=\"hidden\" name=\"wpforms[id]\" value=\"16590\"><input type=\"hidden\" name=\"page_title\" value=\"\"><input type=\"hidden\" name=\"page_url\" value=\"https:\/\/clearseas.org\/fr\/wp-json\/wp\/v2\/pages\/16605\"><input type=\"hidden\" name=\"url_referer\" value=\"\"><button type=\"submit\" name=\"wpforms[submit]\" id=\"wpforms-submit-16590\" class=\"wpforms-submit\" data-alt-text=\"Envoi en cours...\" data-submit-text=\"Envoyer\" aria-live=\"assertive\" value=\"wpforms-submit\">Envoyer<\/button><img loading=\"lazy\" decoding=\"async\" src=\"https:\/\/clearseas.org\/wp-content\/plugins\/wpforms\/assets\/images\/submit-spin.svg\" class=\"wpforms-submit-spinner\" style=\"display: none;\" width=\"26\" height=\"26\" alt=\"Loading\"><\/div><\/form><\/div>  <!-- .wpforms-container -->","protected":false},"excerpt":{"rendered":"<p>Formulaire de candidature: Programme de stage 2025<\/p>\n","protected":false},"author":12,"featured_media":0,"parent":0,"menu_order":0,"comment_status":"closed","ping_status":"closed","template":"page-content-only.php","meta":{"_acf_changed":false,"advanced_seo_description":"","jetpack_seo_html_title":"","jetpack_seo_noindex":false,"footnotes":""},"class_list":["post-16605","page","type-page","status-publish","hentry"],"acf":[],"jetpack_sharing_enabled":true,"_links":{"self":[{"href":"https:\/\/clearseas.org\/fr\/wp-json\/wp\/v2\/pages\/16605","targetHints":{"allow":["GET"]}}],"collection":[{"href":"https:\/\/clearseas.org\/fr\/wp-json\/wp\/v2\/pages"}],"about":[{"href":"https:\/\/clearseas.org\/fr\/wp-json\/wp\/v2\/types\/page"}],"author":[{"embeddable":true,"href":"https:\/\/clearseas.org\/fr\/wp-json\/wp\/v2\/users\/12"}],"replies":[{"embeddable":true,"href":"https:\/\/clearseas.org\/fr\/wp-json\/wp\/v2\/comments?post=16605"}],"version-history":[{"count":4,"href":"https:\/\/clearseas.org\/fr\/wp-json\/wp\/v2\/pages\/16605\/revisions"}],"predecessor-version":[{"id":24941,"href":"https:\/\/clearseas.org\/fr\/wp-json\/wp\/v2\/pages\/16605\/revisions\/24941"}],"wp:attachment":[{"href":"https:\/\/clearseas.org\/fr\/wp-json\/wp\/v2\/media?parent=16605"}],"curies":[{"name":"wp","href":"https:\/\/api.w.org\/{rel}","templated":true}]}}