{"id":16527,"date":"2023-08-16T10:12:03","date_gmt":"2023-08-16T17:12:03","guid":{"rendered":"https:\/\/clearseas.org\/programme-transition-de-carriere-pour-les-autochtones\/"},"modified":"2025-11-12T12:16:45","modified_gmt":"2025-11-12T20:16:45","slug":"pdcma","status":"publish","type":"page","link":"https:\/\/clearseas.org\/fr\/pdcma\/","title":{"rendered":"Programme de d\u00e9veloppement de carri\u00e8re maritime pour les autochtones"},"content":{"rendered":"<div id=\"cs-hero\"\n\t class=\"page-hero lgpadding break-out alignfull is-layout-constrained has-global-padding \" style=\"background-image:url(\/wp-content\/uploads\/inner-page-hero-bg.jpg);\">\n\t<div class=\"alignwide is-layout-flex\">\n\t\t<div class=\"hero-headings\">\n\t\t\t<h1 class=\"is-style-line-heading\" data-aos=\"fade-up\" data-aos-delay=\"100\">Programme de d\u00e9veloppement de carri\u00e8re maritime pour les autochtones<\/h1>\n\t\t\t\t\t<\/div>\n\t\t\t\t\t<div class=\"hero-content-with-media flex-row\">\n\t\t\t\t<div class=\"flex-col-12 flex-col-lg-4\">\n\t\t\t\t\t<div class=\"hero-media\">\n\t\t\t\t\t\t\t\t\t\t\t\t\t<img decoding=\"async\" width=\"600\" height=\"386\" src=\"https:\/\/i0.wp.com\/clearseas.org\/wp-content\/uploads\/Indigenous-career-pivot-banner-1-1-1.jpeg?fit=600%2C386&amp;ssl=1\" class=\"attachment-medium size-medium\" alt=\"\" loading=\"lazy\" data-aos=\"fade-up\" data-aos-delay=\"300\" srcset=\"https:\/\/i0.wp.com\/clearseas.org\/wp-content\/uploads\/Indigenous-career-pivot-banner-1-1-1.jpeg?w=980&amp;ssl=1 980w, https:\/\/i0.wp.com\/clearseas.org\/wp-content\/uploads\/Indigenous-career-pivot-banner-1-1-1.jpeg?resize=600%2C386&amp;ssl=1 600w, https:\/\/i0.wp.com\/clearseas.org\/wp-content\/uploads\/Indigenous-career-pivot-banner-1-1-1.jpeg?resize=768%2C494&amp;ssl=1 768w\" sizes=\"auto, (max-width: 600px) 100vw, 600px\" \/>\t\t\t\t\t\t\t\t\t\t\t<\/div>\n\t\t\t\t<\/div>\n\t\t\t\t<div class=\"flex-col-12 flex-col-lg-8\">\n\t\t\t\t\t\t\t\t\t\t\t<div class=\"hero-content\" data-aos=\"fade-left\" data-aos-delay=\"400\">\n\t\t\t\t\t\t\t<p class=\"opener\">D\u00e9couvrez le programme de d\u00e9veloppement de carri\u00e8re maritime pour les autochtones&nbsp;: une initiative qui offre des possibilit\u00e9s de formation et de placement aux personnes autochtones souhaitant entreprendre ou d\u00e9velopper une carri\u00e8re dans les secteurs dynamiques li\u00e9s \u00e0 l\u2019\u00e9conomie oc\u00e9anique.<\/p>\n\t\t\t\t\t\t<\/div>\n\t\t\t\t\t\t\t\t\t<\/div>\n\t\t\t<\/div>\n\t\t\t<\/div>\n<\/div>\n\n\n<div style=\"height:var(--wp--preset--spacing--medium)\" aria-hidden=\"true\" class=\"wp-block-spacer\"><\/div>\n\n\n\n<div class=\"wp-block-buttons is-content-justification-center is-layout-flex wp-container-core-buttons-is-layout-a89b3969 wp-block-buttons-is-layout-flex\">\n<div class=\"wp-block-button\"><a class=\"wp-block-button__link wp-element-button\" href=\"https:\/\/mailchi.mp\/clearseas\/imcap\">Soyez au courant des derni\u00e8res nouvelles<\/a><\/div>\n<\/div>\n\n\n\n<div style=\"height:var(--wp--preset--spacing--small)\" aria-hidden=\"true\" class=\"wp-block-spacer\"><\/div>\n\n\n\n<div class=\"wp-block-group alignwide smpadding has-global-padding is-layout-constrained wp-block-group-is-layout-constrained\"><div class=\"research-project-inner-section alignwide wp-block-acf-tu-research-project-inner-section\">\n\t<h2 class=\"h4 inner-section-title\" data-aos=\"fade-left\">Relier les peuples autochtones \u00e0 l&#8217;\u00e9conomie bleue<\/h2>\n\t<div data-aos=\"fade-up\" data-aos-delay=\"250\">\n\t\t\n\n<p>Le programme d\u00e9veloppement de carri\u00e8re maritime pour les autochtones (PDCMA) constitue une passerelle vitale qui relie les peuples autochtones \u00e0 l&#8217;\u00e9conomie bleue tout en rem\u00e9diant \u00e0 la p\u00e9nurie de comp\u00e9tences et de main-d&#8217;\u0153uvre dans l&#8217;industrie maritime.<\/p>\n\n\n\n<p>Le programme d\u00e9veloppement de carri\u00e8re maritime pour les autochtones soutient activement les jeunes et les femmes en leur offrant des possibilit\u00e9s adapt\u00e9es d&#8217;explorer et de progresser dans l&#8217;\u00e9conomie bleue du Canada.<\/p>\n\n\n\n<p>Pour en savoir plus sur l&#8217;emploi des autochtones dans l&#8217;industrie maritime, <a href=\"https:\/\/clearseas.org\/fr\/insights\/lemploi-des-personnes-autochtones-dans-le-secteur-maritime\/\" target=\"_blank\" rel=\"noreferrer noopener\">consultez notre article<\/a>. Nous abordons des sujets cruciaux tels que la p\u00e9nurie de comp\u00e9tences dans le secteur maritime, le r\u00f4le de premier plan que jouent les peuples autochtones dans la gestion des oc\u00e9ans et la n\u00e9cessit\u00e9 essentielle de les impliquer de mani\u00e8re significative dans le secteur maritime.&nbsp; &nbsp;<\/p>\n\n\n\t<\/div>\n<\/div>\n\n\n<div class=\"research-project-inner-section alignwide wp-block-acf-tu-research-project-inner-section\">\n\t<h2 class=\"h4 inner-section-title\" data-aos=\"fade-left\">Le programme<\/h2>\n\t<div data-aos=\"fade-up\" data-aos-delay=\"250\">\n\t\t\n\n<p>Le&nbsp;programme d\u00e9veloppement de carri\u00e8re maritime pour les autochtones (PDCMA)&nbsp;a pour but d&#8217;accro\u00eetre les possibilit\u00e9s de formation et d&#8217;emploi pour les personnes autochtones qui souhaitent entamer ou poursuivre une carri\u00e8re dans le secteur maritime. En partenariat avec des entreprises maritimes et des partenaires du secteur, les personnes participantes s&#8217;engageront dans un programme de placement de douze mois ax\u00e9 sur la cr\u00e9ation de postes \u00e0 temps plein. &nbsp;<\/p>\n\n\n\n<p>Ce programme offre les avantages suivants aux personnes participantes :&nbsp;<\/p>\n\n\n\n<ul class=\"wp-block-list\">\n<li>D\u00e9veloppement personnel et professionnel par le biais de l&#8217;\u00e9ducation et de la formation;&nbsp;<\/li>\n\n\n\n<li>Exposition \u00e0 divers r\u00f4les et parcours de carri\u00e8re au sein des industries li\u00e9es au secteur maritime;&nbsp;<\/li>\n\n\n\n<li>Possibilit\u00e9 d&#8217;avancement professionnel \u00e0 long terme;&nbsp;<\/li>\n\n\n\n<li>Un soutien global et culturellement s\u00fbr;&nbsp;<\/li>\n\n\n\n<li>Acc\u00e8s aux ressources et aux services pour surmonter les obstacles;&nbsp;<\/li>\n\n\n\n<li>Respect et reconnaissance des connaissances et des perspectives autochtones.&nbsp;<\/li>\n<\/ul>\n\n\n\n<p>L&#8217;industrie b\u00e9n\u00e9ficiera des avantages suivants :&nbsp;<\/p>\n\n\n\n<ul class=\"wp-block-list\">\n<li>L&#8217;acc\u00e8s \u00e0 une r\u00e9serve de talents diversifi\u00e9e, dot\u00e9e de perspectives et de comp\u00e9tences uniques;<\/li>\n\n\n\n<li>D\u00e9veloppement d&#8217;une main-d&#8217;\u0153uvre qualifi\u00e9e et diversifi\u00e9e;<\/li>\n\n\n\n<li>Subventions salariales pour l&#8217;embauche de participants \u00e9ligibles* (en fonction de l&#8217;\u00e9ligibilit\u00e9);<\/li>\n\n\n\n<li>Durabilit\u00e9 et comp\u00e9titivit\u00e9 \u00e0 long terme dans l&#8217;industrie maritime;<\/li>\n\n\n\n<li>Renforcement des liens avec la communaut\u00e9;<\/li>\n\n\n\n<li>Formation aux comp\u00e9tences culturelles favorisant la prise de conscience et la compr\u00e9hension;<\/li>\n\n\n\n<li>Engagement dans une d\u00e9marche de r\u00e9conciliation.<\/li>\n<\/ul>\n\n\n\n<p>Opportunit\u00e9s pour les partenaires de l&#8217;industrie&nbsp;:<\/p>\n\n\n\n<p><strong>Commandite :<\/strong> Soutenez le programme d\u00e9veloppement de carri\u00e8re maritime pour les autochtones (PDCMA) afin de donner aux personnes autochtones les moyens d&#8217;agir dans le secteur maritime;<\/p>\n\n\n\n<p><strong>Collaboration :<\/strong> Apportez votre expertise pour fa\u00e7onner les initiatives du PDCMA, en veillant \u00e0 ce qu&#8217;elles r\u00e9pondent aux besoins de l&#8217;industrie;<\/p>\n\n\n\n<p><strong>Soutien :<\/strong> Embauchez et encadrez les personnes participantes du PDCMA, afin de contribuer \u00e0 leur croissance et \u00e0 leur r\u00e9ussite professionnelles;<\/p>\n\n\n\n<p><strong>R\u00e9conciliation :<\/strong> Associez-vous \u00e0 Clear Seas et au PDCMA pour promouvoir la diversit\u00e9 et l&#8217;inclusion dans l&#8217;industrie dans le cadre des efforts de r\u00e9conciliation.<\/p>\n\n\n\n<p>Les personnes autochtones qui souhaitent faire carri\u00e8re dans le secteur oc\u00e9anique et les organisations membres de Supergrappe des oc\u00e9ans du Canada qui cherchent \u00e0 embaucher des talents autochtones peuvent s\u2019inscrire au programme.<\/p>\n\n\n\t<\/div>\n<\/div>\n\n\n<div class=\"research-project-inner-section alignwide wp-block-acf-tu-research-project-inner-section\">\n\t<h2 class=\"h4 inner-section-title\" data-aos=\"fade-left\">B\u00e2tir sur un succ\u00e8s<\/h2>\n\t<div data-aos=\"fade-up\" data-aos-delay=\"250\">\n\t\t\n\n<p>Le PDCMA s&#8217;appuie sur le programme de transition de carri\u00e8re pour les autochtones (PTCA) de Clear Seas, qui a forg\u00e9 des partenariats strat\u00e9giques avec des organisations telles que la Supergrappe des Oc\u00e9ans du Canada (SOC), British Columbia Institute of Technology (BCIT), le College of the North Atlantic et ACCESS. Cette collaboration nationale a permis \u00e0 11 personnes autochtones d&#8217;acc\u00e9der \u00e0 de nouvelles opportunit\u00e9s de carri\u00e8re dans le secteur maritime et de la navigation. &nbsp;<\/p>\n\n\n\n<p>En mettant l&#8217;\u00e9ducation et la formation au premier plan, ainsi que le soutien des subventions salariales, le programme a permis d&#8217;acc\u00e9der \u00e0 des opportunit\u00e9s de carri\u00e8re significatives pour combler les lacunes en mati\u00e8re d&#8217;emploi. En outre, le PTCA a \u00e9tendu ses avantages aux petites et moyennes entreprises (PME) et aux grandes organisations de l&#8217;\u00e9conomie bleue, garantissant ainsi qu&#8217;un large \u00e9ventail de parties prenantes b\u00e9n\u00e9ficie de cette initiative transformatrice. Apprenez-en plus sur sur <a href=\"https:\/\/oceansupercluster.ca\/fr\/canadas-ocean-supercluster-announces-1-m-indigenous-career-pivot-program\/\">cette initiative ici<\/a>. &nbsp;<\/p>\n\n\n\n<p>\u00c9coutez Sarah Thomas, directrice des programmes autochtones chez Clear Seas, parler des avantages du pr\u00e9c\u00e9dent programme. &nbsp;<\/p>\n\n\n\n<figure class=\"wp-block-embed is-type-video is-provider-youtube wp-block-embed-youtube wp-embed-aspect-16-9 wp-has-aspect-ratio\"><div class=\"wp-block-embed__wrapper\">\n<iframe loading=\"lazy\" title=\"Indigenous Career Pivot Program\" width=\"1200\" height=\"675\" src=\"https:\/\/www.youtube.com\/embed\/e9MAhBI28gQ?feature=oembed\" frameborder=\"0\" allow=\"accelerometer; autoplay; clipboard-write; encrypted-media; gyroscope; picture-in-picture; web-share\" referrerpolicy=\"strict-origin-when-cross-origin\" allowfullscreen><\/iframe>\n<\/div><\/figure>\n\n\n\n<p>Le PDCMA sera ouvert \u00e0 la fois aux personnes autochtones qui cherchent \u00e0 faire carri\u00e8re dans les industries li\u00e9es \u00e0 l&#8217;\u00e9conomie bleue et aux organisations industrielles qui cherchent \u00e0 embaucher des talents autochtones. &nbsp;<\/p>\n\n\n\n<p>Si vous \u00eates un employeur int\u00e9ress\u00e9 \u00e0 participer \u00e0 notre programme ou \u00e0 embaucher des talents autochtones, n&#8217;h\u00e9sitez pas \u00e0 nous contacter. Nous serions heureux de pouvoir discuter de collaborations potentielles et des avantages de la diversification de votre main-d&#8217;\u0153uvre.&nbsp; &nbsp;<\/p>\n\n\n\t<\/div>\n<\/div>\n\n\n<div class=\"research-project-inner-section alignwide wp-block-acf-tu-research-project-inner-section\">\n\t<h2 class=\"h4 inner-section-title\" data-aos=\"fade-left\">Demandes<\/h2>\n\t<div data-aos=\"fade-up\" data-aos-delay=\"250\">\n\t\t\n\n<p>Le programme de d\u00e9veloppement de carri\u00e8re maritime pour les autochtones acceptera les candidatures bient\u00f4t.<\/p>\n\n\n\t<\/div>\n<\/div>\n\n\n<div class=\"research-project-inner-section alignwide wp-block-acf-tu-research-project-inner-section\">\n\t<h2 class=\"h4 inner-section-title\" data-aos=\"fade-left\">Contact<\/h2>\n\t<div data-aos=\"fade-up\" data-aos-delay=\"250\">\n\t\t\n\n<p>Stephanie Hurlburt<br>Responsable de programmes autochtones&nbsp;<br>(778) 730-1369&nbsp;<br><a href=\"mailto:stephanie.hurlburt@clearseas.org\" target=\"_blank\" rel=\"noreferrer noopener\">stephanie.hurlburt@clearseas.org<\/a>&nbsp;<\/p>\n\n\n\n<p>Vous pouvez vous attendre \u00e0 une r\u00e9ponse d&#8217;un membre de l&#8217;\u00e9quipe des programmes autochtones dans un d\u00e9lai d&#8217;une semaine apr\u00e8s nous avoir contact\u00e9s.<\/p>\n\n\n\t<\/div>\n<\/div>\n<\/div>\n","protected":false},"excerpt":{"rendered":"<p>Soyez au courant des derni\u00e8res nouvelles Le programme d\u00e9veloppement de carri\u00e8re maritime pour les autochtones (PDCMA) constitue une passerelle vitale qui relie les peuples autochtones \u00e0 l&#8217;\u00e9conomie bleue tout en rem\u00e9diant \u00e0 la p\u00e9nurie de comp\u00e9tences et de main-d&#8217;\u0153uvre dans l&#8217;industrie maritime. Le programme d\u00e9veloppement de carri\u00e8re maritime pour les autochtones soutient activement les jeunes&hellip;<\/p>\n","protected":false},"author":12,"featured_media":16476,"parent":0,"menu_order":0,"comment_status":"closed","ping_status":"closed","template":"","meta":{"_acf_changed":false,"advanced_seo_description":"","jetpack_seo_html_title":"","jetpack_seo_noindex":false,"footnotes":""},"class_list":["post-16527","page","type-page","status-publish","has-post-thumbnail","hentry"],"acf":[],"jetpack_sharing_enabled":true,"_links":{"self":[{"href":"https:\/\/clearseas.org\/fr\/wp-json\/wp\/v2\/pages\/16527","targetHints":{"allow":["GET"]}}],"collection":[{"href":"https:\/\/clearseas.org\/fr\/wp-json\/wp\/v2\/pages"}],"about":[{"href":"https:\/\/clearseas.org\/fr\/wp-json\/wp\/v2\/types\/page"}],"author":[{"embeddable":true,"href":"https:\/\/clearseas.org\/fr\/wp-json\/wp\/v2\/users\/12"}],"replies":[{"embeddable":true,"href":"https:\/\/clearseas.org\/fr\/wp-json\/wp\/v2\/comments?post=16527"}],"version-history":[{"count":15,"href":"https:\/\/clearseas.org\/fr\/wp-json\/wp\/v2\/pages\/16527\/revisions"}],"predecessor-version":[{"id":25005,"href":"https:\/\/clearseas.org\/fr\/wp-json\/wp\/v2\/pages\/16527\/revisions\/25005"}],"wp:featuredmedia":[{"embeddable":true,"href":"https:\/\/clearseas.org\/fr\/wp-json\/wp\/v2\/media\/16476"}],"wp:attachment":[{"href":"https:\/\/clearseas.org\/fr\/wp-json\/wp\/v2\/media?parent=16527"}],"curies":[{"name":"wp","href":"https:\/\/api.w.org\/{rel}","templated":true}]}}